{"id":1763,"date":"2021-02-15T03:47:38","date_gmt":"2021-02-15T08:47:38","guid":{"rendered":"http:\/\/fundacioneduresiduos.com\/?page_id=1763"},"modified":"2021-02-20T02:35:35","modified_gmt":"2021-02-20T07:35:35","slug":"juegos","status":"publish","type":"page","link":"https:\/\/fundacioneduresiduos.com\/en\/juegos\/","title":{"rendered":"Juegos"},"content":{"rendered":"<body>\n\n\n\n\n\n\n\n\n\n<div class=\"wp-block-media-text alignwide has-media-on-the-right is-stacked-on-mobile\" style=\"grid-template-columns:auto 66%\"><figure class=\"wp-block-media-text__media\"><a href=\"http:\/\/fundacioneduresiduos.com\/en\/superfer\/\"><img data-recalc-dims=\"1\" loading=\"lazy\" decoding=\"async\" width=\"640\" height=\"768\" src=\"https:\/\/i0.wp.com\/fundacioneduresiduos.com\/wp-content\/uploads\/2021\/01\/a-super-heroe.png?resize=640%2C768\" alt=\"\" class=\"wp-image-1724 size-full\" srcset=\"https:\/\/i0.wp.com\/fundacioneduresiduos.com\/wp-content\/uploads\/2021\/01\/a-super-heroe.png?w=800&amp;ssl=1 800w, https:\/\/i0.wp.com\/fundacioneduresiduos.com\/wp-content\/uploads\/2021\/01\/a-super-heroe.png?resize=250%2C300&amp;ssl=1 250w, https:\/\/i0.wp.com\/fundacioneduresiduos.com\/wp-content\/uploads\/2021\/01\/a-super-heroe.png?resize=768%2C922&amp;ssl=1 768w, https:\/\/i0.wp.com\/fundacioneduresiduos.com\/wp-content\/uploads\/2021\/01\/a-super-heroe.png?resize=10%2C12&amp;ssl=1 10w\" sizes=\"auto, (max-width: 640px) 100vw, 640px\" \/><\/a><\/figure><div class=\"wp-block-media-text__content\">\n<h2 class=\"has-text-color\" style=\"color:#e8ffbd;font-size:50px\"><strong><em><center> SuperFer El salvador del planeta<\/center><\/em><\/strong><\/h2>\n<\/div><\/div>\n\n\n\n<font size=\"6\"> <p align=\"justify\"><class style=\"color:#d2f2d6\"><em> El juego trata de un superh\u00e9roe que vive en un planeta llamado tierra, este se ve amenazado por una fuerza oscura de contaminaci\u00f3n ambiental que la est\u00e1 destruyendo<\/em><\/class><\/p><\/font>\n\n\n\n<font size=\"6\"> <p align=\"justify\"><class style=\"color:#d2f2d6\"><em> Para poder salvarla SuperFer debe superar tres retos importantes; Aprender el manejo adecuado de residuos s\u00f3lidos, Cuidar y proteger las aguas, y evitar la emisi\u00f3n de los gases de efecto de invernadero.<\/em><\/class><\/p><\/font>\n<p>\n<\/p><p>\n<\/p><\/body>","protected":false},"excerpt":{"rendered":"<p>SuperFer El salvador del planeta El juego trata de un superh\u00e9roe que vive en un planeta llamado tierra, este se ve amenazado por una fuerza oscura de contaminaci\u00f3n ambiental que la est\u00e1 destruyendo Para poder salvarla SuperFer debe superar tres retos importantes; Aprender el manejo adecuado de residuos s\u00f3lidos, Cuidar y proteger las aguas, y [&hellip;]<\/p>\n","protected":false},"author":2,"featured_media":0,"parent":0,"menu_order":0,"comment_status":"closed","ping_status":"closed","template":"","meta":{"_bbp_topic_count":0,"_bbp_reply_count":0,"_bbp_total_topic_count":0,"_bbp_total_reply_count":0,"_bbp_voice_count":0,"_bbp_anonymous_reply_count":0,"_bbp_topic_count_hidden":0,"_bbp_reply_count_hidden":0,"_bbp_forum_subforum_count":0,"om_disable_all_campaigns":false,"_monsterinsights_skip_tracking":false,"_monsterinsights_sitenote_active":false,"_monsterinsights_sitenote_note":"","_monsterinsights_sitenote_category":0,"_joinchat":[],"footnotes":""},"class_list":["post-1763","page","type-page","status-publish","hentry"],"yoast_head":"<!-- This site is optimized with the Yoast SEO plugin v27.5 - https:\/\/yoast.com\/product\/yoast-seo-wordpress\/ -->\n<title>Juegos - Fundaci\u00f3n Edu-Residuos<\/title>\n<meta name=\"robots\" content=\"index, follow, max-snippet:-1, max-image-preview:large, max-video-preview:-1\" \/>\n<link rel=\"canonical\" href=\"https:\/\/fundacioneduresiduos.com\/en\/juegos\/\" \/>\n<meta property=\"og:locale\" content=\"en_US\" \/>\n<meta property=\"og:type\" content=\"article\" \/>\n<meta property=\"og:title\" content=\"Juegos - Fundaci\u00f3n Edu-Residuos\" \/>\n<meta property=\"og:description\" content=\"SuperFer El salvador del planeta El juego trata de un superh\u00e9roe que vive en un planeta llamado tierra, este se ve amenazado por una fuerza oscura de contaminaci\u00f3n ambiental que la est\u00e1 destruyendo Para poder salvarla SuperFer debe superar tres retos importantes; Aprender el manejo adecuado de residuos s\u00f3lidos, Cuidar y proteger las aguas, y [&hellip;]\" \/>\n<meta property=\"og:url\" content=\"https:\/\/fundacioneduresiduos.com\/en\/juegos\/\" \/>\n<meta property=\"og:site_name\" content=\"Fundaci\u00f3n Edu-Residuos\" \/>\n<meta property=\"article:publisher\" content=\"https:\/\/www.facebook.com\/eduresiduos\/?ref=bookmarks\" \/>\n<meta property=\"article:modified_time\" content=\"2021-02-20T07:35:35+00:00\" \/>\n<meta property=\"og:image\" content=\"http:\/\/fundacioneduresiduos.com\/wp-content\/uploads\/2021\/01\/a-super-heroe.png\" \/>\n<meta name=\"twitter:card\" content=\"summary_large_image\" \/>\n<meta name=\"twitter:label1\" content=\"Est. reading time\" \/>\n\t<meta name=\"twitter:data1\" content=\"1 minute\" \/>\n<script type=\"application\/ld+json\" class=\"yoast-schema-graph\">{\"@context\":\"https:\\\/\\\/schema.org\",\"@graph\":[{\"@type\":\"WebPage\",\"@id\":\"https:\\\/\\\/fundacioneduresiduos.com\\\/juegos\\\/\",\"url\":\"https:\\\/\\\/fundacioneduresiduos.com\\\/juegos\\\/\",\"name\":\"Juegos - Fundaci\u00f3n Edu-Residuos\",\"isPartOf\":{\"@id\":\"https:\\\/\\\/fundacioneduresiduos.com\\\/#website\"},\"primaryImageOfPage\":{\"@id\":\"https:\\\/\\\/fundacioneduresiduos.com\\\/juegos\\\/#primaryimage\"},\"image\":{\"@id\":\"https:\\\/\\\/fundacioneduresiduos.com\\\/juegos\\\/#primaryimage\"},\"thumbnailUrl\":\"http:\\\/\\\/fundacioneduresiduos.com\\\/wp-content\\\/uploads\\\/2021\\\/01\\\/a-super-heroe.png\",\"datePublished\":\"2021-02-15T08:47:38+00:00\",\"dateModified\":\"2021-02-20T07:35:35+00:00\",\"breadcrumb\":{\"@id\":\"https:\\\/\\\/fundacioneduresiduos.com\\\/juegos\\\/#breadcrumb\"},\"inLanguage\":\"en-US\",\"potentialAction\":[{\"@type\":\"ReadAction\",\"target\":[\"https:\\\/\\\/fundacioneduresiduos.com\\\/juegos\\\/\"]}]},{\"@type\":\"ImageObject\",\"inLanguage\":\"en-US\",\"@id\":\"https:\\\/\\\/fundacioneduresiduos.com\\\/juegos\\\/#primaryimage\",\"url\":\"http:\\\/\\\/fundacioneduresiduos.com\\\/wp-content\\\/uploads\\\/2021\\\/01\\\/a-super-heroe.png\",\"contentUrl\":\"http:\\\/\\\/fundacioneduresiduos.com\\\/wp-content\\\/uploads\\\/2021\\\/01\\\/a-super-heroe.png\"},{\"@type\":\"BreadcrumbList\",\"@id\":\"https:\\\/\\\/fundacioneduresiduos.com\\\/juegos\\\/#breadcrumb\",\"itemListElement\":[{\"@type\":\"ListItem\",\"position\":1,\"name\":\"Inicio\",\"item\":\"https:\\\/\\\/fundacioneduresiduos.com\\\/\"},{\"@type\":\"ListItem\",\"position\":2,\"name\":\"Juegos\"}]},{\"@type\":\"WebSite\",\"@id\":\"https:\\\/\\\/fundacioneduresiduos.com\\\/#website\",\"url\":\"https:\\\/\\\/fundacioneduresiduos.com\\\/\",\"name\":\"Fundaci\u00f3n Edu-Residuos\",\"description\":\"Asesor\u00eda ambientales SGIRS y SG-SST\",\"publisher\":{\"@id\":\"https:\\\/\\\/fundacioneduresiduos.com\\\/#organization\"},\"potentialAction\":[{\"@type\":\"SearchAction\",\"target\":{\"@type\":\"EntryPoint\",\"urlTemplate\":\"https:\\\/\\\/fundacioneduresiduos.com\\\/?s={search_term_string}\"},\"query-input\":{\"@type\":\"PropertyValueSpecification\",\"valueRequired\":true,\"valueName\":\"search_term_string\"}}],\"inLanguage\":\"en-US\"},{\"@type\":\"Organization\",\"@id\":\"https:\\\/\\\/fundacioneduresiduos.com\\\/#organization\",\"name\":\"Fundaci\u00f3n Edu-Residuos\",\"url\":\"https:\\\/\\\/fundacioneduresiduos.com\\\/\",\"logo\":{\"@type\":\"ImageObject\",\"inLanguage\":\"en-US\",\"@id\":\"https:\\\/\\\/fundacioneduresiduos.com\\\/#\\\/schema\\\/logo\\\/image\\\/\",\"url\":\"https:\\\/\\\/i2.wp.com\\\/fundacioneduresiduos.com\\\/wp-content\\\/uploads\\\/2020\\\/06\\\/logoooooooooogg.png?fit=445%2C251&ssl=1\",\"contentUrl\":\"https:\\\/\\\/i2.wp.com\\\/fundacioneduresiduos.com\\\/wp-content\\\/uploads\\\/2020\\\/06\\\/logoooooooooogg.png?fit=445%2C251&ssl=1\",\"width\":445,\"height\":251,\"caption\":\"Fundaci\u00f3n Edu-Residuos\"},\"image\":{\"@id\":\"https:\\\/\\\/fundacioneduresiduos.com\\\/#\\\/schema\\\/logo\\\/image\\\/\"},\"sameAs\":[\"https:\\\/\\\/www.facebook.com\\\/eduresiduos\\\/?ref=bookmarks\"]}]}<\/script>\n<!-- \/ Yoast SEO plugin. -->","yoast_head_json":{"title":"Juegos - Fundaci\u00f3n Edu-Residuos","robots":{"index":"index","follow":"follow","max-snippet":"max-snippet:-1","max-image-preview":"max-image-preview:large","max-video-preview":"max-video-preview:-1"},"canonical":"https:\/\/fundacioneduresiduos.com\/en\/juegos\/","og_locale":"en_US","og_type":"article","og_title":"Juegos - Fundaci\u00f3n Edu-Residuos","og_description":"SuperFer El salvador del planeta El juego trata de un superh\u00e9roe que vive en un planeta llamado tierra, este se ve amenazado por una fuerza oscura de contaminaci\u00f3n ambiental que la est\u00e1 destruyendo Para poder salvarla SuperFer debe superar tres retos importantes; Aprender el manejo adecuado de residuos s\u00f3lidos, Cuidar y proteger las aguas, y [&hellip;]","og_url":"https:\/\/fundacioneduresiduos.com\/en\/juegos\/","og_site_name":"Fundaci\u00f3n Edu-Residuos","article_publisher":"https:\/\/www.facebook.com\/eduresiduos\/?ref=bookmarks","article_modified_time":"2021-02-20T07:35:35+00:00","og_image":[{"url":"http:\/\/fundacioneduresiduos.com\/wp-content\/uploads\/2021\/01\/a-super-heroe.png","type":"","width":"","height":""}],"twitter_card":"summary_large_image","twitter_misc":{"Est. reading time":"1 minute"},"schema":{"@context":"https:\/\/schema.org","@graph":[{"@type":"WebPage","@id":"https:\/\/fundacioneduresiduos.com\/juegos\/","url":"https:\/\/fundacioneduresiduos.com\/juegos\/","name":"Juegos - Fundaci\u00f3n Edu-Residuos","isPartOf":{"@id":"https:\/\/fundacioneduresiduos.com\/#website"},"primaryImageOfPage":{"@id":"https:\/\/fundacioneduresiduos.com\/juegos\/#primaryimage"},"image":{"@id":"https:\/\/fundacioneduresiduos.com\/juegos\/#primaryimage"},"thumbnailUrl":"http:\/\/fundacioneduresiduos.com\/wp-content\/uploads\/2021\/01\/a-super-heroe.png","datePublished":"2021-02-15T08:47:38+00:00","dateModified":"2021-02-20T07:35:35+00:00","breadcrumb":{"@id":"https:\/\/fundacioneduresiduos.com\/juegos\/#breadcrumb"},"inLanguage":"en-US","potentialAction":[{"@type":"ReadAction","target":["https:\/\/fundacioneduresiduos.com\/juegos\/"]}]},{"@type":"ImageObject","inLanguage":"en-US","@id":"https:\/\/fundacioneduresiduos.com\/juegos\/#primaryimage","url":"http:\/\/fundacioneduresiduos.com\/wp-content\/uploads\/2021\/01\/a-super-heroe.png","contentUrl":"http:\/\/fundacioneduresiduos.com\/wp-content\/uploads\/2021\/01\/a-super-heroe.png"},{"@type":"BreadcrumbList","@id":"https:\/\/fundacioneduresiduos.com\/juegos\/#breadcrumb","itemListElement":[{"@type":"ListItem","position":1,"name":"Inicio","item":"https:\/\/fundacioneduresiduos.com\/"},{"@type":"ListItem","position":2,"name":"Juegos"}]},{"@type":"WebSite","@id":"https:\/\/fundacioneduresiduos.com\/#website","url":"https:\/\/fundacioneduresiduos.com\/","name":"Edu-Residuos Foundation","description":"Environmental assessment SGIRS and SG-SST","publisher":{"@id":"https:\/\/fundacioneduresiduos.com\/#organization"},"potentialAction":[{"@type":"SearchAction","target":{"@type":"EntryPoint","urlTemplate":"https:\/\/fundacioneduresiduos.com\/?s={search_term_string}"},"query-input":{"@type":"PropertyValueSpecification","valueRequired":true,"valueName":"search_term_string"}}],"inLanguage":"en-US"},{"@type":"Organization","@id":"https:\/\/fundacioneduresiduos.com\/#organization","name":"Edu-Residuos Foundation","url":"https:\/\/fundacioneduresiduos.com\/","logo":{"@type":"ImageObject","inLanguage":"en-US","@id":"https:\/\/fundacioneduresiduos.com\/#\/schema\/logo\/image\/","url":"https:\/\/i2.wp.com\/fundacioneduresiduos.com\/wp-content\/uploads\/2020\/06\/logoooooooooogg.png?fit=445%2C251&ssl=1","contentUrl":"https:\/\/i2.wp.com\/fundacioneduresiduos.com\/wp-content\/uploads\/2020\/06\/logoooooooooogg.png?fit=445%2C251&ssl=1","width":445,"height":251,"caption":"Fundaci\u00f3n Edu-Residuos"},"image":{"@id":"https:\/\/fundacioneduresiduos.com\/#\/schema\/logo\/image\/"},"sameAs":["https:\/\/www.facebook.com\/eduresiduos\/?ref=bookmarks"]}]}},"jetpack_sharing_enabled":true,"_links":{"self":[{"href":"https:\/\/fundacioneduresiduos.com\/en\/wp-json\/wp\/v2\/pages\/1763","targetHints":{"allow":["GET"]}}],"collection":[{"href":"https:\/\/fundacioneduresiduos.com\/en\/wp-json\/wp\/v2\/pages"}],"about":[{"href":"https:\/\/fundacioneduresiduos.com\/en\/wp-json\/wp\/v2\/types\/page"}],"author":[{"embeddable":true,"href":"https:\/\/fundacioneduresiduos.com\/en\/wp-json\/wp\/v2\/users\/2"}],"replies":[{"embeddable":true,"href":"https:\/\/fundacioneduresiduos.com\/en\/wp-json\/wp\/v2\/comments?post=1763"}],"version-history":[{"count":6,"href":"https:\/\/fundacioneduresiduos.com\/en\/wp-json\/wp\/v2\/pages\/1763\/revisions"}],"predecessor-version":[{"id":2368,"href":"https:\/\/fundacioneduresiduos.com\/en\/wp-json\/wp\/v2\/pages\/1763\/revisions\/2368"}],"wp:attachment":[{"href":"https:\/\/fundacioneduresiduos.com\/en\/wp-json\/wp\/v2\/media?parent=1763"}],"curies":[{"name":"wp","href":"https:\/\/api.w.org\/{rel}","templated":true}]}}