{"id":2168,"date":"2023-02-08T02:29:28","date_gmt":"2023-02-08T07:29:28","guid":{"rendered":"https:\/\/fundacioneduresiduos.com\/?page_id=2168"},"modified":"2025-11-07T14:15:44","modified_gmt":"2025-11-07T19:15:44","slug":"encuesta-empleados-sgirs-edificio-antigua-estacion-del-ferrocarril","status":"publish","type":"page","link":"https:\/\/fundacioneduresiduos.com\/en\/encuesta-empleados-sgirs-edificio-antigua-estacion-del-ferrocarril\/","title":{"rendered":"Encuesta personal aseo vigilancia y mantenimiento de zonas comunes SGIRS Edificio Antigua Estaci\u00f3n del Ferrocarril"},"content":{"rendered":"<body><div class=\"wp-block-image\">\n<figure class=\"aligncenter size-large\"><img data-recalc-dims=\"1\" loading=\"lazy\" decoding=\"async\" width=\"640\" height=\"206\" src=\"https:\/\/i0.wp.com\/fundacioneduresiduos.com\/wp-content\/uploads\/2022\/08\/22222.png?resize=640%2C206&#038;ssl=1\" alt=\"\" class=\"wp-image-2135\" loading=\"lazy\" srcset=\"https:\/\/i0.wp.com\/fundacioneduresiduos.com\/wp-content\/uploads\/2022\/08\/22222.png?resize=1024%2C330&amp;ssl=1 1024w, https:\/\/i0.wp.com\/fundacioneduresiduos.com\/wp-content\/uploads\/2022\/08\/22222.png?resize=300%2C97&amp;ssl=1 300w, https:\/\/i0.wp.com\/fundacioneduresiduos.com\/wp-content\/uploads\/2022\/08\/22222.png?resize=768%2C248&amp;ssl=1 768w, https:\/\/i0.wp.com\/fundacioneduresiduos.com\/wp-content\/uploads\/2022\/08\/22222.png?resize=1536%2C495&amp;ssl=1 1536w, https:\/\/i0.wp.com\/fundacioneduresiduos.com\/wp-content\/uploads\/2022\/08\/22222.png?resize=18%2C6&amp;ssl=1 18w, https:\/\/i0.wp.com\/fundacioneduresiduos.com\/wp-content\/uploads\/2022\/08\/22222.png?w=1705&amp;ssl=1 1705w, https:\/\/i0.wp.com\/fundacioneduresiduos.com\/wp-content\/uploads\/2022\/08\/22222.png?w=1280&amp;ssl=1 1280w\" sizes=\"auto, (max-width: 640px) 100vw, 640px\" \/><\/figure>\n<\/div>\n\n\n<h1 style=\"text-align: center;\">Sistema de Gesti\u00f3n Integral de Residuos S\u00f3lidos (SGIRS)<\/h1>\n\n\n\n<p align=\"justify\"><font size=\"4\">Se realiza la encuesta en el Edificio Antigua Estaci\u00f3n del Ferrocarril, con el prop\u00f3sito de cumplir con la responsabilidad legal y ambiental municipal que rige a las  entidades p\u00fablicas; de acuerdo con los requerimientos exigidos por el decreto 0059 del 23 de febrero del 2009, y seg\u00fan lo establecido en las mesas de trabajo por el Decreto 4112.010.20.2146 de 2020 y el Decreto 0595 de 2022; y teniendo en cuenta la importancia de fortalecer las estrategias IEC del Sistema de Gesti\u00f3n Integral de Residuos S\u00f3lidos (SGIRS).<\/font><\/p>\n<p><\/p>\n\n\n\n<iframe src=\"https:\/\/docs.google.com\/forms\/d\/e\/1FAIpQLScvy-kKlx2cRpw4mW9CxMlQA2VAdokmAbUrSKwqBNTNfupemA\/viewform?usp=sf_link\" width=\"840\" height=\"2468\" frameborder=\"0\" marginheight=\"0\" marginwidth=\"0\">Cargando\u2026<\/iframe>\n\n\n<div class=\"wpforms-container wpforms-container-full\" id=\"wpforms-1625\"><form id=\"wpforms-form-1625\" class=\"wpforms-validate wpforms-form\" data-formid=\"1625\" method=\"post\" enctype=\"multipart\/form-data\" action=\"\/en\/wp-json\/wp\/v2\/pages\/2168\" data-token=\"f012815e58341ac9cde1f7b88c914ddc\" data-token-time=\"1777607466\"><noscript class=\"wpforms-error-noscript\">Please enable JavaScript in your browser to complete this form.<\/noscript><div class=\"wpforms-field-container\"><div id=\"wpforms-1625-field_3-container\" class=\"wpforms-field wpforms-field-textarea\" data-field-id=\"3\"><label class=\"wpforms-field-label\" for=\"wpforms-1625-field_3\">Comentario <\/label><textarea id=\"wpforms-1625-field_3\" class=\"wpforms-field-medium\" name=\"wpforms[fields][3]\" placeholder=\"Comentario ........\" ><\/textarea><\/div><\/div><!-- .wpforms-field-container --><div class=\"wpforms-submit-container\" ><input type=\"hidden\" name=\"wpforms[id]\" value=\"1625\"><input type=\"hidden\" name=\"page_title\" value=\"\"><input type=\"hidden\" name=\"page_url\" value=\"https:\/\/fundacioneduresiduos.com\/en\/wp-json\/wp\/v2\/pages\/2168\"><input type=\"hidden\" name=\"url_referer\" value=\"\"><button type=\"submit\" name=\"wpforms[submit]\" id=\"wpforms-submit-1625\" class=\"wpforms-submit\" data-alt-text=\"Enviando\" data-submit-text=\"Enviar\" aria-live=\"assertive\" value=\"wpforms-submit\">Enviar<\/button><\/div><\/form><\/div>  <!-- .wpforms-container -->\n\n\n\n<p><\/p>\n\n\n\n<p><\/p>\n<\/body>","protected":false},"excerpt":{"rendered":"<p>Sistema de Gesti\u00f3n Integral de Residuos S\u00f3lidos (SGIRS) Se realiza la encuesta en el Edificio Antigua Estaci\u00f3n del Ferrocarril, con el prop\u00f3sito de cumplir con la responsabilidad legal y ambiental municipal que rige a las entidades p\u00fablicas; de acuerdo con los requerimientos exigidos por el decreto 0059 del 23 de febrero del 2009, y seg\u00fan [&hellip;]<\/p>\n","protected":false},"author":2,"featured_media":0,"parent":0,"menu_order":0,"comment_status":"closed","ping_status":"closed","template":"","meta":{"_bbp_topic_count":0,"_bbp_reply_count":0,"_bbp_total_topic_count":0,"_bbp_total_reply_count":0,"_bbp_voice_count":0,"_bbp_anonymous_reply_count":0,"_bbp_topic_count_hidden":0,"_bbp_reply_count_hidden":0,"_bbp_forum_subforum_count":0,"om_disable_all_campaigns":false,"_monsterinsights_skip_tracking":false,"_monsterinsights_sitenote_active":false,"_monsterinsights_sitenote_note":"","_monsterinsights_sitenote_category":0,"_joinchat":[],"footnotes":""},"class_list":["post-2168","page","type-page","status-publish","hentry"],"yoast_head":"<!-- This site is optimized with the Yoast SEO plugin v27.5 - https:\/\/yoast.com\/product\/yoast-seo-wordpress\/ -->\n<title>Encuesta personal aseo vigilancia y mantenimiento de zonas comunes SGIRS Edificio Antigua Estaci\u00f3n del Ferrocarril<\/title>\n<meta name=\"description\" content=\"Test de Conservaci\u00f3n de los Recursos Naturales - Responde el Test y Descubre tus conocimientos....\" \/>\n<meta name=\"robots\" content=\"index, follow, max-snippet:-1, max-image-preview:large, max-video-preview:-1\" \/>\n<link rel=\"canonical\" href=\"https:\/\/fundacioneduresiduos.com\/en\/encuesta-empleados-sgirs-edificio-antigua-estacion-del-ferrocarril\/\" \/>\n<meta property=\"og:locale\" content=\"en_US\" \/>\n<meta property=\"og:type\" content=\"article\" \/>\n<meta property=\"og:title\" content=\"Encuesta personal aseo vigilancia y mantenimiento de zonas comunes SGIRS Edificio Antigua Estaci\u00f3n del Ferrocarril\" \/>\n<meta property=\"og:description\" content=\"Test de Conservaci\u00f3n de los Recursos Naturales - Responde el Test y Descubre tus conocimientos....\" \/>\n<meta property=\"og:url\" content=\"https:\/\/fundacioneduresiduos.com\/en\/encuesta-empleados-sgirs-edificio-antigua-estacion-del-ferrocarril\/\" \/>\n<meta property=\"og:site_name\" content=\"Fundaci\u00f3n Edu-Residuos\" \/>\n<meta property=\"article:publisher\" content=\"https:\/\/www.facebook.com\/eduresiduos\/?ref=bookmarks\" \/>\n<meta property=\"article:modified_time\" content=\"2025-11-07T19:15:44+00:00\" \/>\n<meta property=\"og:image\" content=\"https:\/\/i0.wp.com\/fundacioneduresiduos.com\/wp-content\/uploads\/2022\/08\/22222.png?fit=1705%2C550&ssl=1\" \/>\n\t<meta property=\"og:image:width\" content=\"1705\" \/>\n\t<meta property=\"og:image:height\" content=\"550\" \/>\n\t<meta property=\"og:image:type\" content=\"image\/png\" \/>\n<meta name=\"twitter:card\" content=\"summary_large_image\" \/>\n<meta name=\"twitter:label1\" content=\"Est. reading time\" \/>\n\t<meta name=\"twitter:data1\" content=\"1 minute\" \/>\n<script type=\"application\/ld+json\" class=\"yoast-schema-graph\">{\"@context\":\"https:\\\/\\\/schema.org\",\"@graph\":[{\"@type\":\"WebPage\",\"@id\":\"https:\\\/\\\/fundacioneduresiduos.com\\\/encuesta-empleados-sgirs-edificio-antigua-estacion-del-ferrocarril\\\/\",\"url\":\"https:\\\/\\\/fundacioneduresiduos.com\\\/encuesta-empleados-sgirs-edificio-antigua-estacion-del-ferrocarril\\\/\",\"name\":\"Encuesta personal aseo vigilancia y mantenimiento de zonas comunes SGIRS Edificio Antigua Estaci\u00f3n del Ferrocarril\",\"isPartOf\":{\"@id\":\"https:\\\/\\\/fundacioneduresiduos.com\\\/#website\"},\"primaryImageOfPage\":{\"@id\":\"https:\\\/\\\/fundacioneduresiduos.com\\\/encuesta-empleados-sgirs-edificio-antigua-estacion-del-ferrocarril\\\/#primaryimage\"},\"image\":{\"@id\":\"https:\\\/\\\/fundacioneduresiduos.com\\\/encuesta-empleados-sgirs-edificio-antigua-estacion-del-ferrocarril\\\/#primaryimage\"},\"thumbnailUrl\":\"https:\\\/\\\/fundacioneduresiduos.com\\\/wp-content\\\/uploads\\\/2022\\\/08\\\/22222-1024x330.png\",\"datePublished\":\"2023-02-08T07:29:28+00:00\",\"dateModified\":\"2025-11-07T19:15:44+00:00\",\"description\":\"Test de Conservaci\u00f3n de los Recursos Naturales - Responde el Test y Descubre tus conocimientos....\",\"breadcrumb\":{\"@id\":\"https:\\\/\\\/fundacioneduresiduos.com\\\/encuesta-empleados-sgirs-edificio-antigua-estacion-del-ferrocarril\\\/#breadcrumb\"},\"inLanguage\":\"en-US\",\"potentialAction\":[{\"@type\":\"ReadAction\",\"target\":[\"https:\\\/\\\/fundacioneduresiduos.com\\\/encuesta-empleados-sgirs-edificio-antigua-estacion-del-ferrocarril\\\/\"]}]},{\"@type\":\"ImageObject\",\"inLanguage\":\"en-US\",\"@id\":\"https:\\\/\\\/fundacioneduresiduos.com\\\/encuesta-empleados-sgirs-edificio-antigua-estacion-del-ferrocarril\\\/#primaryimage\",\"url\":\"https:\\\/\\\/fundacioneduresiduos.com\\\/wp-content\\\/uploads\\\/2022\\\/08\\\/22222-1024x330.png\",\"contentUrl\":\"https:\\\/\\\/fundacioneduresiduos.com\\\/wp-content\\\/uploads\\\/2022\\\/08\\\/22222-1024x330.png\"},{\"@type\":\"BreadcrumbList\",\"@id\":\"https:\\\/\\\/fundacioneduresiduos.com\\\/encuesta-empleados-sgirs-edificio-antigua-estacion-del-ferrocarril\\\/#breadcrumb\",\"itemListElement\":[{\"@type\":\"ListItem\",\"position\":1,\"name\":\"Inicio\",\"item\":\"https:\\\/\\\/fundacioneduresiduos.com\\\/\"},{\"@type\":\"ListItem\",\"position\":2,\"name\":\"Encuesta personal aseo vigilancia y mantenimiento de zonas comunes SGIRS Edificio Antigua Estaci\u00f3n del Ferrocarril\"}]},{\"@type\":\"WebSite\",\"@id\":\"https:\\\/\\\/fundacioneduresiduos.com\\\/#website\",\"url\":\"https:\\\/\\\/fundacioneduresiduos.com\\\/\",\"name\":\"Fundaci\u00f3n Edu-Residuos\",\"description\":\"Asesor\u00eda ambientales SGIRS y SG-SST\",\"publisher\":{\"@id\":\"https:\\\/\\\/fundacioneduresiduos.com\\\/#organization\"},\"potentialAction\":[{\"@type\":\"SearchAction\",\"target\":{\"@type\":\"EntryPoint\",\"urlTemplate\":\"https:\\\/\\\/fundacioneduresiduos.com\\\/?s={search_term_string}\"},\"query-input\":{\"@type\":\"PropertyValueSpecification\",\"valueRequired\":true,\"valueName\":\"search_term_string\"}}],\"inLanguage\":\"en-US\"},{\"@type\":\"Organization\",\"@id\":\"https:\\\/\\\/fundacioneduresiduos.com\\\/#organization\",\"name\":\"Fundaci\u00f3n Edu-Residuos\",\"url\":\"https:\\\/\\\/fundacioneduresiduos.com\\\/\",\"logo\":{\"@type\":\"ImageObject\",\"inLanguage\":\"en-US\",\"@id\":\"https:\\\/\\\/fundacioneduresiduos.com\\\/#\\\/schema\\\/logo\\\/image\\\/\",\"url\":\"https:\\\/\\\/i2.wp.com\\\/fundacioneduresiduos.com\\\/wp-content\\\/uploads\\\/2020\\\/06\\\/logoooooooooogg.png?fit=445%2C251&ssl=1\",\"contentUrl\":\"https:\\\/\\\/i2.wp.com\\\/fundacioneduresiduos.com\\\/wp-content\\\/uploads\\\/2020\\\/06\\\/logoooooooooogg.png?fit=445%2C251&ssl=1\",\"width\":445,\"height\":251,\"caption\":\"Fundaci\u00f3n Edu-Residuos\"},\"image\":{\"@id\":\"https:\\\/\\\/fundacioneduresiduos.com\\\/#\\\/schema\\\/logo\\\/image\\\/\"},\"sameAs\":[\"https:\\\/\\\/www.facebook.com\\\/eduresiduos\\\/?ref=bookmarks\"]}]}<\/script>\n<!-- \/ Yoast SEO plugin. -->","yoast_head_json":{"title":"Encuesta personal aseo vigilancia y mantenimiento de zonas comunes SGIRS Edificio Antigua Estaci\u00f3n del Ferrocarril","description":"Test de Conservaci\u00f3n de los Recursos Naturales - Responde el Test y Descubre tus conocimientos....","robots":{"index":"index","follow":"follow","max-snippet":"max-snippet:-1","max-image-preview":"max-image-preview:large","max-video-preview":"max-video-preview:-1"},"canonical":"https:\/\/fundacioneduresiduos.com\/en\/encuesta-empleados-sgirs-edificio-antigua-estacion-del-ferrocarril\/","og_locale":"en_US","og_type":"article","og_title":"Encuesta personal aseo vigilancia y mantenimiento de zonas comunes SGIRS Edificio Antigua Estaci\u00f3n del Ferrocarril","og_description":"Test de Conservaci\u00f3n de los Recursos Naturales - Responde el Test y Descubre tus conocimientos....","og_url":"https:\/\/fundacioneduresiduos.com\/en\/encuesta-empleados-sgirs-edificio-antigua-estacion-del-ferrocarril\/","og_site_name":"Fundaci\u00f3n Edu-Residuos","article_publisher":"https:\/\/www.facebook.com\/eduresiduos\/?ref=bookmarks","article_modified_time":"2025-11-07T19:15:44+00:00","og_image":[{"width":1705,"height":550,"url":"https:\/\/i0.wp.com\/fundacioneduresiduos.com\/wp-content\/uploads\/2022\/08\/22222.png?fit=1705%2C550&ssl=1","type":"image\/png"}],"twitter_card":"summary_large_image","twitter_misc":{"Est. reading time":"1 minute"},"schema":{"@context":"https:\/\/schema.org","@graph":[{"@type":"WebPage","@id":"https:\/\/fundacioneduresiduos.com\/encuesta-empleados-sgirs-edificio-antigua-estacion-del-ferrocarril\/","url":"https:\/\/fundacioneduresiduos.com\/encuesta-empleados-sgirs-edificio-antigua-estacion-del-ferrocarril\/","name":"Encuesta personal aseo vigilancia y mantenimiento de zonas comunes SGIRS Edificio Antigua Estaci\u00f3n del Ferrocarril","isPartOf":{"@id":"https:\/\/fundacioneduresiduos.com\/#website"},"primaryImageOfPage":{"@id":"https:\/\/fundacioneduresiduos.com\/encuesta-empleados-sgirs-edificio-antigua-estacion-del-ferrocarril\/#primaryimage"},"image":{"@id":"https:\/\/fundacioneduresiduos.com\/encuesta-empleados-sgirs-edificio-antigua-estacion-del-ferrocarril\/#primaryimage"},"thumbnailUrl":"https:\/\/fundacioneduresiduos.com\/wp-content\/uploads\/2022\/08\/22222-1024x330.png","datePublished":"2023-02-08T07:29:28+00:00","dateModified":"2025-11-07T19:15:44+00:00","description":"Test de Conservaci\u00f3n de los Recursos Naturales - Responde el Test y Descubre tus conocimientos....","breadcrumb":{"@id":"https:\/\/fundacioneduresiduos.com\/encuesta-empleados-sgirs-edificio-antigua-estacion-del-ferrocarril\/#breadcrumb"},"inLanguage":"en-US","potentialAction":[{"@type":"ReadAction","target":["https:\/\/fundacioneduresiduos.com\/encuesta-empleados-sgirs-edificio-antigua-estacion-del-ferrocarril\/"]}]},{"@type":"ImageObject","inLanguage":"en-US","@id":"https:\/\/fundacioneduresiduos.com\/encuesta-empleados-sgirs-edificio-antigua-estacion-del-ferrocarril\/#primaryimage","url":"https:\/\/fundacioneduresiduos.com\/wp-content\/uploads\/2022\/08\/22222-1024x330.png","contentUrl":"https:\/\/fundacioneduresiduos.com\/wp-content\/uploads\/2022\/08\/22222-1024x330.png"},{"@type":"BreadcrumbList","@id":"https:\/\/fundacioneduresiduos.com\/encuesta-empleados-sgirs-edificio-antigua-estacion-del-ferrocarril\/#breadcrumb","itemListElement":[{"@type":"ListItem","position":1,"name":"Inicio","item":"https:\/\/fundacioneduresiduos.com\/"},{"@type":"ListItem","position":2,"name":"Encuesta personal aseo vigilancia y mantenimiento de zonas comunes SGIRS Edificio Antigua Estaci\u00f3n del Ferrocarril"}]},{"@type":"WebSite","@id":"https:\/\/fundacioneduresiduos.com\/#website","url":"https:\/\/fundacioneduresiduos.com\/","name":"Edu-Residuos Foundation","description":"Environmental assessment SGIRS and SG-SST","publisher":{"@id":"https:\/\/fundacioneduresiduos.com\/#organization"},"potentialAction":[{"@type":"SearchAction","target":{"@type":"EntryPoint","urlTemplate":"https:\/\/fundacioneduresiduos.com\/?s={search_term_string}"},"query-input":{"@type":"PropertyValueSpecification","valueRequired":true,"valueName":"search_term_string"}}],"inLanguage":"en-US"},{"@type":"Organization","@id":"https:\/\/fundacioneduresiduos.com\/#organization","name":"Edu-Residuos Foundation","url":"https:\/\/fundacioneduresiduos.com\/","logo":{"@type":"ImageObject","inLanguage":"en-US","@id":"https:\/\/fundacioneduresiduos.com\/#\/schema\/logo\/image\/","url":"https:\/\/i2.wp.com\/fundacioneduresiduos.com\/wp-content\/uploads\/2020\/06\/logoooooooooogg.png?fit=445%2C251&ssl=1","contentUrl":"https:\/\/i2.wp.com\/fundacioneduresiduos.com\/wp-content\/uploads\/2020\/06\/logoooooooooogg.png?fit=445%2C251&ssl=1","width":445,"height":251,"caption":"Fundaci\u00f3n Edu-Residuos"},"image":{"@id":"https:\/\/fundacioneduresiduos.com\/#\/schema\/logo\/image\/"},"sameAs":["https:\/\/www.facebook.com\/eduresiduos\/?ref=bookmarks"]}]}},"jetpack_sharing_enabled":true,"_links":{"self":[{"href":"https:\/\/fundacioneduresiduos.com\/en\/wp-json\/wp\/v2\/pages\/2168","targetHints":{"allow":["GET"]}}],"collection":[{"href":"https:\/\/fundacioneduresiduos.com\/en\/wp-json\/wp\/v2\/pages"}],"about":[{"href":"https:\/\/fundacioneduresiduos.com\/en\/wp-json\/wp\/v2\/types\/page"}],"author":[{"embeddable":true,"href":"https:\/\/fundacioneduresiduos.com\/en\/wp-json\/wp\/v2\/users\/2"}],"replies":[{"embeddable":true,"href":"https:\/\/fundacioneduresiduos.com\/en\/wp-json\/wp\/v2\/comments?post=2168"}],"version-history":[{"count":5,"href":"https:\/\/fundacioneduresiduos.com\/en\/wp-json\/wp\/v2\/pages\/2168\/revisions"}],"predecessor-version":[{"id":3365,"href":"https:\/\/fundacioneduresiduos.com\/en\/wp-json\/wp\/v2\/pages\/2168\/revisions\/3365"}],"wp:attachment":[{"href":"https:\/\/fundacioneduresiduos.com\/en\/wp-json\/wp\/v2\/media?parent=2168"}],"curies":[{"name":"wp","href":"https:\/\/api.w.org\/{rel}","templated":true}]}}