{"id":2925,"date":"2024-07-24T23:19:20","date_gmt":"2024-07-25T04:19:20","guid":{"rendered":"https:\/\/fundacioneduresiduos.com\/?page_id=2925"},"modified":"2024-07-25T00:16:30","modified_gmt":"2024-07-25T05:16:30","slug":"sembrando-raices","status":"publish","type":"page","link":"https:\/\/fundacioneduresiduos.com\/en\/sembrando-raices\/","title":{"rendered":"Proyecto"},"content":{"rendered":"<body>\n<h1 class=\"wp-block-heading has-text-align-center\">Sembrando Ra\u00edces<\/h1>\n\n\n\n<h4 class=\"wp-block-heading has-text-align-center\">Sembrando Ra\u00edces se alinea con los programas pedag\u00f3gicos transversales (PRAES), permitiendo el desarrollo del programa de manera efectiva, conforme al Decreto 1743 de 1994 y la Ley 1549 de julio de 2012. Adem\u00e1s, nuestras actividades est\u00e1n en consonancia con los objetivos planteados en la Agenda 2030, gracias a la suscripci\u00f3n de Colombia al Acuerdo de Escaz\u00fa<\/h4>\n\n\n\n<p class=\"has-text-align-center\"><img data-recalc-dims=\"1\" loading=\"lazy\" decoding=\"async\" width=\"500\" height=\"161\" class=\"wp-image-2919\" style=\"width: 500px;\" src=\"https:\/\/i0.wp.com\/fundacioneduresiduos.com\/wp-content\/uploads\/2024\/06\/Miniatura-para-youtube-adiestramiento-mascotas-celeste-4-1.png?resize=500%2C161&#038;ssl=1\" alt=\"\" srcset=\"https:\/\/i0.wp.com\/fundacioneduresiduos.com\/wp-content\/uploads\/2024\/06\/Miniatura-para-youtube-adiestramiento-mascotas-celeste-4-1.png?w=1272&amp;ssl=1 1272w, https:\/\/i0.wp.com\/fundacioneduresiduos.com\/wp-content\/uploads\/2024\/06\/Miniatura-para-youtube-adiestramiento-mascotas-celeste-4-1.png?resize=300%2C97&amp;ssl=1 300w, https:\/\/i0.wp.com\/fundacioneduresiduos.com\/wp-content\/uploads\/2024\/06\/Miniatura-para-youtube-adiestramiento-mascotas-celeste-4-1.png?resize=1024%2C330&amp;ssl=1 1024w, https:\/\/i0.wp.com\/fundacioneduresiduos.com\/wp-content\/uploads\/2024\/06\/Miniatura-para-youtube-adiestramiento-mascotas-celeste-4-1.png?resize=768%2C248&amp;ssl=1 768w, https:\/\/i0.wp.com\/fundacioneduresiduos.com\/wp-content\/uploads\/2024\/06\/Miniatura-para-youtube-adiestramiento-mascotas-celeste-4-1.png?resize=100%2C32&amp;ssl=1 100w, https:\/\/i0.wp.com\/fundacioneduresiduos.com\/wp-content\/uploads\/2024\/06\/Miniatura-para-youtube-adiestramiento-mascotas-celeste-4-1.png?resize=18%2C6&amp;ssl=1 18w, https:\/\/i0.wp.com\/fundacioneduresiduos.com\/wp-content\/uploads\/2024\/06\/Miniatura-para-youtube-adiestramiento-mascotas-celeste-4-1.png?resize=600%2C193&amp;ssl=1 600w\" sizes=\"auto, (max-width: 500px) 100vw, 500px\" \/><\/p>\n\n\n\n<p class=\"has-text-align-center\"><a href=\"https:\/\/fundacionunivalle.com\/index.php\/sembrando-raices\/\" target=\"_blank\" rel=\"noreferrer noopener\">ht<\/a><a href=\"https:\/\/fundacionunivalle.com\/index.php\/sembrando-raices\/\">tps:\/\/fundacionunivalle.com\/index.php\/sembrando-raices\/<\/a><\/p>\n\n\n\n<figure class=\"wp-block-embed is-type-video is-provider-youtube wp-block-embed-youtube wp-embed-aspect-16-9 wp-has-aspect-ratio\"><div class=\"wp-block-embed__wrapper\">\n<iframe id=\"_ytid_31295\" width=\"640\" height=\"360\" data-origwidth=\"640\" data-origheight=\"360\" src=\"https:\/\/www.youtube.com\/embed\/AXCfVo-yIsY?enablejsapi=1&amp;autoplay=0&amp;cc_load_policy=0&amp;cc_lang_pref=&amp;iv_load_policy=1&amp;loop=0&amp;rel=1&amp;fs=1&amp;playsinline=0&amp;autohide=2&amp;theme=dark&amp;color=red&amp;controls=1&amp;disablekb=0&amp;\" class=\"__youtube_prefs__  epyt-is-override  no-lazyload\" title=\"YouTube player\" allow=\"fullscreen; accelerometer; autoplay; clipboard-write; encrypted-media; gyroscope; picture-in-picture; web-share\" referrerpolicy=\"strict-origin-when-cross-origin\" allowfullscreen data-no-lazy=\"1\" data-skipgform_ajax_framebjll=\"\"><\/iframe>\n<\/div><figcaption class=\"wp-element-caption\"><strong>Presentaci\u00f3n del proyecto <\/strong><\/figcaption><\/figure>\n\n\n\n<figure class=\"wp-block-embed is-type-video is-provider-youtube wp-block-embed-youtube wp-embed-aspect-4-3 wp-has-aspect-ratio\"><div class=\"wp-block-embed__wrapper\">\n<iframe id=\"_ytid_73641\" width=\"640\" height=\"480\" data-origwidth=\"640\" data-origheight=\"480\" src=\"https:\/\/www.youtube.com\/embed\/A9eIH5HBLXM?enablejsapi=1&amp;autoplay=0&amp;cc_load_policy=0&amp;cc_lang_pref=&amp;iv_load_policy=1&amp;loop=0&amp;rel=1&amp;fs=1&amp;playsinline=0&amp;autohide=2&amp;theme=dark&amp;color=red&amp;controls=1&amp;disablekb=0&amp;\" class=\"__youtube_prefs__  epyt-is-override  no-lazyload\" title=\"YouTube player\" allow=\"fullscreen; accelerometer; autoplay; clipboard-write; encrypted-media; gyroscope; picture-in-picture; web-share\" referrerpolicy=\"strict-origin-when-cross-origin\" allowfullscreen data-no-lazy=\"1\" data-skipgform_ajax_framebjll=\"\"><\/iframe>\n<\/div><\/figure>\n\n\n\n<figure class=\"wp-block-embed is-type-video is-provider-youtube wp-block-embed-youtube wp-embed-aspect-16-9 wp-has-aspect-ratio\"><div class=\"wp-block-embed__wrapper\">\n<iframe id=\"_ytid_66603\" width=\"640\" height=\"360\" data-origwidth=\"640\" data-origheight=\"360\" src=\"https:\/\/www.youtube.com\/embed\/KsOeFaLaiiQ?enablejsapi=1&amp;autoplay=0&amp;cc_load_policy=0&amp;cc_lang_pref=&amp;iv_load_policy=1&amp;loop=0&amp;rel=1&amp;fs=1&amp;playsinline=0&amp;autohide=2&amp;theme=dark&amp;color=red&amp;controls=1&amp;disablekb=0&amp;\" class=\"__youtube_prefs__  epyt-is-override  no-lazyload\" title=\"YouTube player\" allow=\"fullscreen; accelerometer; autoplay; clipboard-write; encrypted-media; gyroscope; picture-in-picture; web-share\" referrerpolicy=\"strict-origin-when-cross-origin\" allowfullscreen data-no-lazy=\"1\" data-skipgform_ajax_framebjll=\"\"><\/iframe>\n<\/div><\/figure>\n\n\n\n<p><\/p>\n\n\n\n<h2 class=\"wp-block-heading has-text-align-center\">Material Educativo <\/h2>\n\n\n\n<div class=\"wp-block-columns is-layout-flex wp-container-core-columns-is-layout-28f84493 wp-block-columns-is-layout-flex\">\n<div class=\"wp-block-column is-layout-flow wp-block-column-is-layout-flow\" style=\"flex-basis:100%\">\n<figure class=\"wp-block-image size-large\"><img data-recalc-dims=\"1\" loading=\"lazy\" decoding=\"async\" width=\"640\" height=\"495\" src=\"https:\/\/i0.wp.com\/fundacioneduresiduos.com\/wp-content\/uploads\/2024\/07\/Certificado-Ninos-DIT.png?resize=640%2C495&#038;ssl=1\" alt=\"\" class=\"wp-image-2934\" srcset=\"https:\/\/i0.wp.com\/fundacioneduresiduos.com\/wp-content\/uploads\/2024\/07\/Certificado-Ninos-DIT.png?resize=1024%2C792&amp;ssl=1 1024w, https:\/\/i0.wp.com\/fundacioneduresiduos.com\/wp-content\/uploads\/2024\/07\/Certificado-Ninos-DIT.png?resize=300%2C232&amp;ssl=1 300w, https:\/\/i0.wp.com\/fundacioneduresiduos.com\/wp-content\/uploads\/2024\/07\/Certificado-Ninos-DIT.png?resize=768%2C594&amp;ssl=1 768w, https:\/\/i0.wp.com\/fundacioneduresiduos.com\/wp-content\/uploads\/2024\/07\/Certificado-Ninos-DIT.png?resize=100%2C77&amp;ssl=1 100w, https:\/\/i0.wp.com\/fundacioneduresiduos.com\/wp-content\/uploads\/2024\/07\/Certificado-Ninos-DIT.png?resize=1536%2C1187&amp;ssl=1 1536w, https:\/\/i0.wp.com\/fundacioneduresiduos.com\/wp-content\/uploads\/2024\/07\/Certificado-Ninos-DIT.png?resize=2048%2C1583&amp;ssl=1 2048w, https:\/\/i0.wp.com\/fundacioneduresiduos.com\/wp-content\/uploads\/2024\/07\/Certificado-Ninos-DIT.png?resize=16%2C12&amp;ssl=1 16w, https:\/\/i0.wp.com\/fundacioneduresiduos.com\/wp-content\/uploads\/2024\/07\/Certificado-Ninos-DIT.png?resize=600%2C464&amp;ssl=1 600w, https:\/\/i0.wp.com\/fundacioneduresiduos.com\/wp-content\/uploads\/2024\/07\/Certificado-Ninos-DIT.png?w=1280&amp;ssl=1 1280w, https:\/\/i0.wp.com\/fundacioneduresiduos.com\/wp-content\/uploads\/2024\/07\/Certificado-Ninos-DIT.png?w=1920&amp;ssl=1 1920w\" sizes=\"auto, (max-width: 640px) 100vw, 640px\" \/><\/figure>\n<\/div>\n\n\n\n<div class=\"wp-block-column is-layout-flow wp-block-column-is-layout-flow\"><\/div>\n\n\n\n<div class=\"wp-block-column is-layout-flow wp-block-column-is-layout-flow\"><\/div>\n<\/div>\n\n\n\n<figure class=\"wp-block-embed is-type-video is-provider-youtube wp-block-embed-youtube wp-embed-aspect-16-9 wp-has-aspect-ratio\"><div class=\"wp-block-embed__wrapper\">\n<iframe id=\"_ytid_76260\" width=\"640\" height=\"360\" data-origwidth=\"640\" data-origheight=\"360\" src=\"https:\/\/www.youtube.com\/embed\/_PJqP0UrYj4?enablejsapi=1&amp;autoplay=0&amp;cc_load_policy=0&amp;cc_lang_pref=&amp;iv_load_policy=1&amp;loop=0&amp;rel=1&amp;fs=1&amp;playsinline=0&amp;autohide=2&amp;theme=dark&amp;color=red&amp;controls=1&amp;disablekb=0&amp;\" class=\"__youtube_prefs__  epyt-is-override  no-lazyload\" title=\"YouTube player\" allow=\"fullscreen; accelerometer; autoplay; clipboard-write; encrypted-media; gyroscope; picture-in-picture; web-share\" referrerpolicy=\"strict-origin-when-cross-origin\" allowfullscreen data-no-lazy=\"1\" data-skipgform_ajax_framebjll=\"\"><\/iframe>\n<\/div><\/figure>\n\n\n\n<figure class=\"wp-block-embed is-type-video is-provider-youtube wp-block-embed-youtube wp-embed-aspect-16-9 wp-has-aspect-ratio\"><div class=\"wp-block-embed__wrapper\">\n<iframe id=\"_ytid_46835\" width=\"640\" height=\"360\" data-origwidth=\"640\" data-origheight=\"360\" src=\"https:\/\/www.youtube.com\/embed\/t687oJOVjGw?enablejsapi=1&amp;autoplay=0&amp;cc_load_policy=0&amp;cc_lang_pref=&amp;iv_load_policy=1&amp;loop=0&amp;rel=1&amp;fs=1&amp;playsinline=0&amp;autohide=2&amp;theme=dark&amp;color=red&amp;controls=1&amp;disablekb=0&amp;\" class=\"__youtube_prefs__  epyt-is-override  no-lazyload\" title=\"YouTube player\" allow=\"fullscreen; accelerometer; autoplay; clipboard-write; encrypted-media; gyroscope; picture-in-picture; web-share\" referrerpolicy=\"strict-origin-when-cross-origin\" allowfullscreen data-no-lazy=\"1\" data-skipgform_ajax_framebjll=\"\"><\/iframe>\n<\/div><\/figure>\n\n\n\n<figure class=\"wp-block-embed is-type-video is-provider-youtube wp-block-embed-youtube wp-embed-aspect-16-9 wp-has-aspect-ratio\"><div class=\"wp-block-embed__wrapper\">\n<iframe id=\"_ytid_12902\" width=\"640\" height=\"360\" data-origwidth=\"640\" data-origheight=\"360\" src=\"https:\/\/www.youtube.com\/embed\/G-Z7KetxcpU?enablejsapi=1&amp;autoplay=0&amp;cc_load_policy=0&amp;cc_lang_pref=&amp;iv_load_policy=1&amp;loop=0&amp;rel=1&amp;fs=1&amp;playsinline=0&amp;autohide=2&amp;theme=dark&amp;color=red&amp;controls=1&amp;disablekb=0&amp;\" class=\"__youtube_prefs__  epyt-is-override  no-lazyload\" title=\"YouTube player\" allow=\"fullscreen; accelerometer; autoplay; clipboard-write; encrypted-media; gyroscope; picture-in-picture; web-share\" referrerpolicy=\"strict-origin-when-cross-origin\" allowfullscreen data-no-lazy=\"1\" data-skipgform_ajax_framebjll=\"\"><\/iframe>\n<\/div><\/figure>\n\n\n\n<figure class=\"wp-block-embed is-type-video is-provider-youtube wp-block-embed-youtube wp-embed-aspect-16-9 wp-has-aspect-ratio\"><div class=\"wp-block-embed__wrapper\">\n<iframe id=\"_ytid_16230\" width=\"640\" height=\"360\" data-origwidth=\"640\" data-origheight=\"360\" src=\"https:\/\/www.youtube.com\/embed\/zAip2GCk_LE?enablejsapi=1&amp;autoplay=0&amp;cc_load_policy=0&amp;cc_lang_pref=&amp;iv_load_policy=1&amp;loop=0&amp;rel=1&amp;fs=1&amp;playsinline=0&amp;autohide=2&amp;theme=dark&amp;color=red&amp;controls=1&amp;disablekb=0&amp;\" class=\"__youtube_prefs__  epyt-is-override  no-lazyload\" title=\"YouTube player\" allow=\"fullscreen; accelerometer; autoplay; clipboard-write; encrypted-media; gyroscope; picture-in-picture; web-share\" referrerpolicy=\"strict-origin-when-cross-origin\" allowfullscreen data-no-lazy=\"1\" data-skipgform_ajax_framebjll=\"\"><\/iframe>\n<\/div><\/figure>\n\n\n\n<figure class=\"wp-block-embed is-type-video is-provider-youtube wp-block-embed-youtube wp-embed-aspect-16-9 wp-has-aspect-ratio\"><div class=\"wp-block-embed__wrapper\">\n<iframe id=\"_ytid_56783\" width=\"640\" height=\"360\" data-origwidth=\"640\" data-origheight=\"360\" src=\"https:\/\/www.youtube.com\/embed\/WRvmljdszXU?enablejsapi=1&amp;autoplay=0&amp;cc_load_policy=0&amp;cc_lang_pref=&amp;iv_load_policy=1&amp;loop=0&amp;rel=1&amp;fs=1&amp;playsinline=0&amp;autohide=2&amp;theme=dark&amp;color=red&amp;controls=1&amp;disablekb=0&amp;\" class=\"__youtube_prefs__  epyt-is-override  no-lazyload\" title=\"YouTube player\" allow=\"fullscreen; accelerometer; autoplay; clipboard-write; encrypted-media; gyroscope; picture-in-picture; web-share\" referrerpolicy=\"strict-origin-when-cross-origin\" allowfullscreen data-no-lazy=\"1\" data-skipgform_ajax_framebjll=\"\"><\/iframe>\n<\/div><\/figure>\n<\/body>","protected":false},"excerpt":{"rendered":"<p>Sembrando Ra\u00edces Sembrando Ra\u00edces se alinea con los programas pedag\u00f3gicos transversales (PRAES), permitiendo el desarrollo del programa de manera efectiva, conforme al Decreto 1743 de 1994 y la Ley 1549 de julio de 2012. Adem\u00e1s, nuestras actividades est\u00e1n en consonancia con los objetivos planteados en la Agenda 2030, gracias a la suscripci\u00f3n de Colombia al [&hellip;]<\/p>\n","protected":false},"author":1,"featured_media":0,"parent":0,"menu_order":0,"comment_status":"closed","ping_status":"closed","template":"","meta":{"_bbp_topic_count":0,"_bbp_reply_count":0,"_bbp_total_topic_count":0,"_bbp_total_reply_count":0,"_bbp_voice_count":0,"_bbp_anonymous_reply_count":0,"_bbp_topic_count_hidden":0,"_bbp_reply_count_hidden":0,"_bbp_forum_subforum_count":0,"om_disable_all_campaigns":false,"_monsterinsights_skip_tracking":false,"_monsterinsights_sitenote_active":false,"_monsterinsights_sitenote_note":"","_monsterinsights_sitenote_category":0,"_joinchat":[],"footnotes":""},"class_list":["post-2925","page","type-page","status-publish","hentry"],"yoast_head":"<!-- This site is optimized with the Yoast SEO plugin v27.5 - https:\/\/yoast.com\/product\/yoast-seo-wordpress\/ -->\n<title>Proyecto - Fundaci\u00f3n Edu-Residuos<\/title>\n<meta name=\"robots\" content=\"index, follow, max-snippet:-1, max-image-preview:large, max-video-preview:-1\" \/>\n<link rel=\"canonical\" href=\"https:\/\/fundacioneduresiduos.com\/en\/sembrando-raices\/\" \/>\n<meta property=\"og:locale\" content=\"en_US\" \/>\n<meta property=\"og:type\" content=\"article\" \/>\n<meta property=\"og:title\" content=\"Proyecto - Fundaci\u00f3n Edu-Residuos\" \/>\n<meta property=\"og:description\" content=\"Sembrando Ra\u00edces Sembrando Ra\u00edces se alinea con los programas pedag\u00f3gicos transversales (PRAES), permitiendo el desarrollo del programa de manera efectiva, conforme al Decreto 1743 de 1994 y la Ley 1549 de julio de 2012. Adem\u00e1s, nuestras actividades est\u00e1n en consonancia con los objetivos planteados en la Agenda 2030, gracias a la suscripci\u00f3n de Colombia al [&hellip;]\" \/>\n<meta property=\"og:url\" content=\"https:\/\/fundacioneduresiduos.com\/en\/sembrando-raices\/\" \/>\n<meta property=\"og:site_name\" content=\"Fundaci\u00f3n Edu-Residuos\" \/>\n<meta property=\"article:publisher\" content=\"https:\/\/www.facebook.com\/eduresiduos\/?ref=bookmarks\" \/>\n<meta property=\"article:modified_time\" content=\"2024-07-25T05:16:30+00:00\" \/>\n<meta property=\"og:image\" content=\"https:\/\/fundacioneduresiduos.com\/wp-content\/uploads\/2024\/06\/Miniatura-para-youtube-adiestramiento-mascotas-celeste-4-1.png\" \/>\n<meta name=\"twitter:card\" content=\"summary_large_image\" \/>\n<meta name=\"twitter:label1\" content=\"Est. reading time\" \/>\n\t<meta name=\"twitter:data1\" content=\"1 minute\" \/>\n<script type=\"application\/ld+json\" class=\"yoast-schema-graph\">{\"@context\":\"https:\\\/\\\/schema.org\",\"@graph\":[{\"@type\":\"WebPage\",\"@id\":\"https:\\\/\\\/fundacioneduresiduos.com\\\/sembrando-raices\\\/\",\"url\":\"https:\\\/\\\/fundacioneduresiduos.com\\\/sembrando-raices\\\/\",\"name\":\"Proyecto - Fundaci\u00f3n Edu-Residuos\",\"isPartOf\":{\"@id\":\"https:\\\/\\\/fundacioneduresiduos.com\\\/#website\"},\"primaryImageOfPage\":{\"@id\":\"https:\\\/\\\/fundacioneduresiduos.com\\\/sembrando-raices\\\/#primaryimage\"},\"image\":{\"@id\":\"https:\\\/\\\/fundacioneduresiduos.com\\\/sembrando-raices\\\/#primaryimage\"},\"thumbnailUrl\":\"https:\\\/\\\/fundacioneduresiduos.com\\\/wp-content\\\/uploads\\\/2024\\\/06\\\/Miniatura-para-youtube-adiestramiento-mascotas-celeste-4-1.png\",\"datePublished\":\"2024-07-25T04:19:20+00:00\",\"dateModified\":\"2024-07-25T05:16:30+00:00\",\"breadcrumb\":{\"@id\":\"https:\\\/\\\/fundacioneduresiduos.com\\\/sembrando-raices\\\/#breadcrumb\"},\"inLanguage\":\"en-US\",\"potentialAction\":[{\"@type\":\"ReadAction\",\"target\":[\"https:\\\/\\\/fundacioneduresiduos.com\\\/sembrando-raices\\\/\"]}]},{\"@type\":\"ImageObject\",\"inLanguage\":\"en-US\",\"@id\":\"https:\\\/\\\/fundacioneduresiduos.com\\\/sembrando-raices\\\/#primaryimage\",\"url\":\"https:\\\/\\\/fundacioneduresiduos.com\\\/wp-content\\\/uploads\\\/2024\\\/06\\\/Miniatura-para-youtube-adiestramiento-mascotas-celeste-4-1.png\",\"contentUrl\":\"https:\\\/\\\/fundacioneduresiduos.com\\\/wp-content\\\/uploads\\\/2024\\\/06\\\/Miniatura-para-youtube-adiestramiento-mascotas-celeste-4-1.png\"},{\"@type\":\"BreadcrumbList\",\"@id\":\"https:\\\/\\\/fundacioneduresiduos.com\\\/sembrando-raices\\\/#breadcrumb\",\"itemListElement\":[{\"@type\":\"ListItem\",\"position\":1,\"name\":\"Inicio\",\"item\":\"https:\\\/\\\/fundacioneduresiduos.com\\\/\"},{\"@type\":\"ListItem\",\"position\":2,\"name\":\"Proyecto\"}]},{\"@type\":\"WebSite\",\"@id\":\"https:\\\/\\\/fundacioneduresiduos.com\\\/#website\",\"url\":\"https:\\\/\\\/fundacioneduresiduos.com\\\/\",\"name\":\"Fundaci\u00f3n Edu-Residuos\",\"description\":\"Asesor\u00eda ambientales SGIRS y SG-SST\",\"publisher\":{\"@id\":\"https:\\\/\\\/fundacioneduresiduos.com\\\/#organization\"},\"potentialAction\":[{\"@type\":\"SearchAction\",\"target\":{\"@type\":\"EntryPoint\",\"urlTemplate\":\"https:\\\/\\\/fundacioneduresiduos.com\\\/?s={search_term_string}\"},\"query-input\":{\"@type\":\"PropertyValueSpecification\",\"valueRequired\":true,\"valueName\":\"search_term_string\"}}],\"inLanguage\":\"en-US\"},{\"@type\":\"Organization\",\"@id\":\"https:\\\/\\\/fundacioneduresiduos.com\\\/#organization\",\"name\":\"Fundaci\u00f3n Edu-Residuos\",\"url\":\"https:\\\/\\\/fundacioneduresiduos.com\\\/\",\"logo\":{\"@type\":\"ImageObject\",\"inLanguage\":\"en-US\",\"@id\":\"https:\\\/\\\/fundacioneduresiduos.com\\\/#\\\/schema\\\/logo\\\/image\\\/\",\"url\":\"https:\\\/\\\/i2.wp.com\\\/fundacioneduresiduos.com\\\/wp-content\\\/uploads\\\/2020\\\/06\\\/logoooooooooogg.png?fit=445%2C251&ssl=1\",\"contentUrl\":\"https:\\\/\\\/i2.wp.com\\\/fundacioneduresiduos.com\\\/wp-content\\\/uploads\\\/2020\\\/06\\\/logoooooooooogg.png?fit=445%2C251&ssl=1\",\"width\":445,\"height\":251,\"caption\":\"Fundaci\u00f3n Edu-Residuos\"},\"image\":{\"@id\":\"https:\\\/\\\/fundacioneduresiduos.com\\\/#\\\/schema\\\/logo\\\/image\\\/\"},\"sameAs\":[\"https:\\\/\\\/www.facebook.com\\\/eduresiduos\\\/?ref=bookmarks\"]}]}<\/script>\n<!-- \/ Yoast SEO plugin. -->","yoast_head_json":{"title":"Proyecto - Fundaci\u00f3n Edu-Residuos","robots":{"index":"index","follow":"follow","max-snippet":"max-snippet:-1","max-image-preview":"max-image-preview:large","max-video-preview":"max-video-preview:-1"},"canonical":"https:\/\/fundacioneduresiduos.com\/en\/sembrando-raices\/","og_locale":"en_US","og_type":"article","og_title":"Proyecto - Fundaci\u00f3n Edu-Residuos","og_description":"Sembrando Ra\u00edces Sembrando Ra\u00edces se alinea con los programas pedag\u00f3gicos transversales (PRAES), permitiendo el desarrollo del programa de manera efectiva, conforme al Decreto 1743 de 1994 y la Ley 1549 de julio de 2012. Adem\u00e1s, nuestras actividades est\u00e1n en consonancia con los objetivos planteados en la Agenda 2030, gracias a la suscripci\u00f3n de Colombia al [&hellip;]","og_url":"https:\/\/fundacioneduresiduos.com\/en\/sembrando-raices\/","og_site_name":"Fundaci\u00f3n Edu-Residuos","article_publisher":"https:\/\/www.facebook.com\/eduresiduos\/?ref=bookmarks","article_modified_time":"2024-07-25T05:16:30+00:00","og_image":[{"url":"https:\/\/fundacioneduresiduos.com\/wp-content\/uploads\/2024\/06\/Miniatura-para-youtube-adiestramiento-mascotas-celeste-4-1.png","type":"","width":"","height":""}],"twitter_card":"summary_large_image","twitter_misc":{"Est. reading time":"1 minute"},"schema":{"@context":"https:\/\/schema.org","@graph":[{"@type":"WebPage","@id":"https:\/\/fundacioneduresiduos.com\/sembrando-raices\/","url":"https:\/\/fundacioneduresiduos.com\/sembrando-raices\/","name":"Proyecto - Fundaci\u00f3n Edu-Residuos","isPartOf":{"@id":"https:\/\/fundacioneduresiduos.com\/#website"},"primaryImageOfPage":{"@id":"https:\/\/fundacioneduresiduos.com\/sembrando-raices\/#primaryimage"},"image":{"@id":"https:\/\/fundacioneduresiduos.com\/sembrando-raices\/#primaryimage"},"thumbnailUrl":"https:\/\/fundacioneduresiduos.com\/wp-content\/uploads\/2024\/06\/Miniatura-para-youtube-adiestramiento-mascotas-celeste-4-1.png","datePublished":"2024-07-25T04:19:20+00:00","dateModified":"2024-07-25T05:16:30+00:00","breadcrumb":{"@id":"https:\/\/fundacioneduresiduos.com\/sembrando-raices\/#breadcrumb"},"inLanguage":"en-US","potentialAction":[{"@type":"ReadAction","target":["https:\/\/fundacioneduresiduos.com\/sembrando-raices\/"]}]},{"@type":"ImageObject","inLanguage":"en-US","@id":"https:\/\/fundacioneduresiduos.com\/sembrando-raices\/#primaryimage","url":"https:\/\/fundacioneduresiduos.com\/wp-content\/uploads\/2024\/06\/Miniatura-para-youtube-adiestramiento-mascotas-celeste-4-1.png","contentUrl":"https:\/\/fundacioneduresiduos.com\/wp-content\/uploads\/2024\/06\/Miniatura-para-youtube-adiestramiento-mascotas-celeste-4-1.png"},{"@type":"BreadcrumbList","@id":"https:\/\/fundacioneduresiduos.com\/sembrando-raices\/#breadcrumb","itemListElement":[{"@type":"ListItem","position":1,"name":"Inicio","item":"https:\/\/fundacioneduresiduos.com\/"},{"@type":"ListItem","position":2,"name":"Proyecto"}]},{"@type":"WebSite","@id":"https:\/\/fundacioneduresiduos.com\/#website","url":"https:\/\/fundacioneduresiduos.com\/","name":"Edu-Residuos Foundation","description":"Environmental assessment SGIRS and SG-SST","publisher":{"@id":"https:\/\/fundacioneduresiduos.com\/#organization"},"potentialAction":[{"@type":"SearchAction","target":{"@type":"EntryPoint","urlTemplate":"https:\/\/fundacioneduresiduos.com\/?s={search_term_string}"},"query-input":{"@type":"PropertyValueSpecification","valueRequired":true,"valueName":"search_term_string"}}],"inLanguage":"en-US"},{"@type":"Organization","@id":"https:\/\/fundacioneduresiduos.com\/#organization","name":"Edu-Residuos Foundation","url":"https:\/\/fundacioneduresiduos.com\/","logo":{"@type":"ImageObject","inLanguage":"en-US","@id":"https:\/\/fundacioneduresiduos.com\/#\/schema\/logo\/image\/","url":"https:\/\/i2.wp.com\/fundacioneduresiduos.com\/wp-content\/uploads\/2020\/06\/logoooooooooogg.png?fit=445%2C251&ssl=1","contentUrl":"https:\/\/i2.wp.com\/fundacioneduresiduos.com\/wp-content\/uploads\/2020\/06\/logoooooooooogg.png?fit=445%2C251&ssl=1","width":445,"height":251,"caption":"Fundaci\u00f3n Edu-Residuos"},"image":{"@id":"https:\/\/fundacioneduresiduos.com\/#\/schema\/logo\/image\/"},"sameAs":["https:\/\/www.facebook.com\/eduresiduos\/?ref=bookmarks"]}]}},"jetpack_sharing_enabled":true,"_links":{"self":[{"href":"https:\/\/fundacioneduresiduos.com\/en\/wp-json\/wp\/v2\/pages\/2925","targetHints":{"allow":["GET"]}}],"collection":[{"href":"https:\/\/fundacioneduresiduos.com\/en\/wp-json\/wp\/v2\/pages"}],"about":[{"href":"https:\/\/fundacioneduresiduos.com\/en\/wp-json\/wp\/v2\/types\/page"}],"author":[{"embeddable":true,"href":"https:\/\/fundacioneduresiduos.com\/en\/wp-json\/wp\/v2\/users\/1"}],"replies":[{"embeddable":true,"href":"https:\/\/fundacioneduresiduos.com\/en\/wp-json\/wp\/v2\/comments?post=2925"}],"version-history":[{"count":6,"href":"https:\/\/fundacioneduresiduos.com\/en\/wp-json\/wp\/v2\/pages\/2925\/revisions"}],"predecessor-version":[{"id":2935,"href":"https:\/\/fundacioneduresiduos.com\/en\/wp-json\/wp\/v2\/pages\/2925\/revisions\/2935"}],"wp:attachment":[{"href":"https:\/\/fundacioneduresiduos.com\/en\/wp-json\/wp\/v2\/media?parent=2925"}],"curies":[{"name":"wp","href":"https:\/\/api.w.org\/{rel}","templated":true}]}}