{"id":392,"date":"2020-06-18T03:57:05","date_gmt":"2020-06-18T03:57:05","guid":{"rendered":"http:\/\/fundacioneduresiduos.com\/?page_id=392"},"modified":"2020-08-30T01:58:44","modified_gmt":"2020-08-30T06:58:44","slug":"sstema-de-gestion-de-la-seguridad-y-salud-en-el-trabajo-sg-sst","status":"publish","type":"page","link":"https:\/\/fundacioneduresiduos.com\/en\/sstema-de-gestion-de-la-seguridad-y-salud-en-el-trabajo-sg-sst\/","title":{"rendered":"Asesor\u00eda en SG-SST"},"content":{"rendered":"<body>\n<h2 class=\"has-text-align-center wp-block-heading\" style=\"font-size:40px\">Asesor\u00eda y consultor\u00eda el Sistema de gesti\u00f3n de salud y seguridad en el trabajo SG-SST<\/h2>\n\n\n\n<p style=\"font-size:23px\"><strong>En la fundaci\u00f3n Edu-Residuos <\/strong>estamos comprometidos con el bienestar de la poblaci\u00f3n; por lo tanto, brindamos acompa\u00f1amiento en todo el proceso de desarrollo e implementaci\u00f3n del\u00a0Sistema de Gesti\u00f3n de Seguridad y Salud en el trabajo\u00a0(SG-SST) en las empresas.<\/p>\n\n\n\n<div class=\"wp-block-image\"><figure class=\"alignleft size-large\"><img data-recalc-dims=\"1\" loading=\"lazy\" decoding=\"async\" width=\"200\" height=\"200\" src=\"https:\/\/i0.wp.com\/fundacioneduresiduos.com\/wp-content\/uploads\/2020\/08\/image-8.png?resize=200%2C200\" alt=\"\" class=\"wp-image-978\" srcset=\"https:\/\/i0.wp.com\/fundacioneduresiduos.com\/wp-content\/uploads\/2020\/08\/image-8.png?w=200&amp;ssl=1 200w, https:\/\/i0.wp.com\/fundacioneduresiduos.com\/wp-content\/uploads\/2020\/08\/image-8.png?resize=150%2C150&amp;ssl=1 150w\" sizes=\"auto, (max-width: 200px) 100vw, 200px\" \/><\/figure><\/div>\n\n\n\n<p style=\"font-size:23px\">as\u00ed mismo ,dando cumplimiento con la \u00a0normatividad legal vigente (Resoluci\u00f3n 0312 de 2019 \u2013 decreto <a href=\"https:\/\/www.mintrabajo.gov.co\/documents\/20147\/0\/DUR+Sector+Trabajo+Actualizado+a+15+de+abril++de+2016.pdf\/a32b1dcf-7a4e-8a37-ac16-c121928719c8\">1072 del 2015<\/a>), y con el prop\u00f3sito de mejorar la calidad de vida de los empleados; adem\u00e1s, \u00a0genera grandes beneficios como la prevenci\u00f3n de enfermedades laborales, ambientes sanos de trabajo y la disminuci\u00f3n de los costos generados por los accidentes<\/p>\n\n\n\n<p><\/p>\n\n\n\n<h3 class=\"wp-block-heading\">El Sistema de gesti\u00f3n cuenta con los siguientes procesos.<\/h3>\n\n\n\n<h3 class=\"wp-block-heading\"> <\/h3>\n\n\n\n<ul class=\"wp-block-list\"><li> <font size=\"5\"> Evaluacion Inicial del  Sistema de gesti\u00f3n de salud y seguridad en el trabajoSG-SST: Evaluamos el nivel de cumplimiento de los est\u00e1ndares minimos seg\u00fan la resoluci\u00f3n 0312 del 1019.<\/font><\/li><\/ul>\n\n\n\n<p><\/p>\n\n\n\n<ul class=\"wp-block-list\"><li><font size=\"5\">Dise\u00f1o y Construcci\u00f3n SGSST; de acuerdo a la evaluaci\u00f3n inicial, se construyen las evidencias y el cumplimiento de la norma.<\/font><\/li><\/ul>\n\n\n\n<p><\/p>\n\n\n\n<ul class=\"wp-block-list\"><li><font size=\"5\">Administraci\u00f3n e Implementaci\u00f3n SGSST: Se brinda el acompa\u00f1amiento en la implementacion del SG-SST, durante 6 y un a\u00f1o<\/font><\/li><\/ul>\n\n\n\n<p><\/p>\n\n\n\n<ul class=\"wp-block-list\"><li><font size=\"5\">Capacitaci\u00f3n; se realizan capacitaciones al personal de la empresa, de acuerdo a la actividad econ\u00f3mica.<\/font><\/li><\/ul>\n\n\n\n<p><\/p>\n\n\n\n<ul class=\"wp-block-list\"><li><font size=\"5\">Auditor\u00eda del SGSST<\/font><\/li><\/ul>\n\n\n\n<p><\/p>\n\n\n\n<ul class=\"wp-block-list\"><li><font size=\"5\">Asesor\u00eda por Horas<\/font><\/li><\/ul>\n\n\n\n<p><\/p>\n\n\n\n<p><\/p>\n\n\n\n<p class=\"has-text-color\" style=\"font-size:23px;color:#044e0b\">Para mayor informaci\u00f3n puede comunicarse o enviar un mensaje. <\/p>\n\n\n\n<p style=\"font-size:23px\"><font style=\"vertical-align: inherit;\"><font style=\"vertical-align: inherit;\">Tel\u00e9fono celular 3103792072, Correo electr\u00f3nico: <\/font><\/font><a href=\"mailto:edu_residuos@hotmail.com\"><font style=\"vertical-align: inherit;\"><font style=\"vertical-align: inherit;\">edu_residuos@hotmail.com<\/font><\/font><\/a><\/p>\n\n\n\n<p><\/p>\n\n\n\n<h3 class=\"wp-block-heading\" style=\"font-size:30px\"><a href=\"http:\/\/fundacioneduresiduos.com\/en\/residuos-solidos\/servicios\/\">Otros servicios <\/a><\/h3>\n<\/body>","protected":false},"excerpt":{"rendered":"<p>Asesor\u00eda y consultor\u00eda el Sistema de gesti\u00f3n de salud y seguridad en el trabajo SG-SST En la fundaci\u00f3n Edu-Residuos estamos comprometidos con el bienestar de la poblaci\u00f3n; por lo tanto, brindamos acompa\u00f1amiento en todo el proceso de desarrollo e implementaci\u00f3n del\u00a0Sistema de Gesti\u00f3n de Seguridad y Salud en el trabajo\u00a0(SG-SST) en las empresas. as\u00ed mismo [&hellip;]<\/p>\n","protected":false},"author":2,"featured_media":0,"parent":0,"menu_order":0,"comment_status":"closed","ping_status":"closed","template":"","meta":{"_bbp_topic_count":0,"_bbp_reply_count":0,"_bbp_total_topic_count":0,"_bbp_total_reply_count":0,"_bbp_voice_count":0,"_bbp_anonymous_reply_count":0,"_bbp_topic_count_hidden":0,"_bbp_reply_count_hidden":0,"_bbp_forum_subforum_count":0,"om_disable_all_campaigns":false,"_monsterinsights_skip_tracking":false,"_monsterinsights_sitenote_active":false,"_monsterinsights_sitenote_note":"","_monsterinsights_sitenote_category":0,"_joinchat":[],"footnotes":""},"class_list":["post-392","page","type-page","status-publish","hentry"],"yoast_head":"<!-- This site is optimized with the Yoast SEO plugin v27.4 - https:\/\/yoast.com\/product\/yoast-seo-wordpress\/ -->\n<title>Imolementamos el SG-SST en tu empresa - Edu-Residuos<\/title>\n<meta name=\"description\" content=\"Se realiza acompa\u00f1amiento para el desarrollo e implementaci\u00f3n del Sistema de Gesti\u00f3n de Seguridad y Salud en el trabajo (SG-SST)\" \/>\n<meta name=\"robots\" content=\"index, follow, max-snippet:-1, max-image-preview:large, max-video-preview:-1\" \/>\n<link rel=\"canonical\" href=\"https:\/\/fundacioneduresiduos.com\/en\/sstema-de-gestion-de-la-seguridad-y-salud-en-el-trabajo-sg-sst\/\" \/>\n<meta property=\"og:locale\" content=\"en_US\" \/>\n<meta property=\"og:type\" content=\"article\" \/>\n<meta property=\"og:title\" content=\"Imolementamos el SG-SST en tu empresa - Edu-Residuos\" \/>\n<meta property=\"og:description\" content=\"Se realiza acompa\u00f1amiento para el desarrollo e implementaci\u00f3n del Sistema de Gesti\u00f3n de Seguridad y Salud en el trabajo (SG-SST)\" \/>\n<meta property=\"og:url\" content=\"https:\/\/fundacioneduresiduos.com\/en\/sstema-de-gestion-de-la-seguridad-y-salud-en-el-trabajo-sg-sst\/\" \/>\n<meta property=\"og:site_name\" content=\"Fundaci\u00f3n Edu-Residuos\" \/>\n<meta property=\"article:publisher\" content=\"https:\/\/www.facebook.com\/eduresiduos\/?ref=bookmarks\" \/>\n<meta property=\"article:modified_time\" content=\"2020-08-30T06:58:44+00:00\" \/>\n<meta property=\"og:image\" content=\"http:\/\/fundacioneduresiduos.com\/wp-content\/uploads\/2020\/08\/image-8.png\" \/>\n<meta name=\"twitter:card\" content=\"summary_large_image\" \/>\n<meta name=\"twitter:label1\" content=\"Est. reading time\" \/>\n\t<meta name=\"twitter:data1\" content=\"1 minute\" \/>\n<script type=\"application\/ld+json\" class=\"yoast-schema-graph\">{\"@context\":\"https:\\\/\\\/schema.org\",\"@graph\":[{\"@type\":\"WebPage\",\"@id\":\"https:\\\/\\\/fundacioneduresiduos.com\\\/sstema-de-gestion-de-la-seguridad-y-salud-en-el-trabajo-sg-sst\\\/\",\"url\":\"https:\\\/\\\/fundacioneduresiduos.com\\\/sstema-de-gestion-de-la-seguridad-y-salud-en-el-trabajo-sg-sst\\\/\",\"name\":\"Imolementamos el SG-SST en tu empresa - Edu-Residuos\",\"isPartOf\":{\"@id\":\"https:\\\/\\\/fundacioneduresiduos.com\\\/#website\"},\"primaryImageOfPage\":{\"@id\":\"https:\\\/\\\/fundacioneduresiduos.com\\\/sstema-de-gestion-de-la-seguridad-y-salud-en-el-trabajo-sg-sst\\\/#primaryimage\"},\"image\":{\"@id\":\"https:\\\/\\\/fundacioneduresiduos.com\\\/sstema-de-gestion-de-la-seguridad-y-salud-en-el-trabajo-sg-sst\\\/#primaryimage\"},\"thumbnailUrl\":\"http:\\\/\\\/fundacioneduresiduos.com\\\/wp-content\\\/uploads\\\/2020\\\/08\\\/image-8.png\",\"datePublished\":\"2020-06-18T03:57:05+00:00\",\"dateModified\":\"2020-08-30T06:58:44+00:00\",\"description\":\"Se realiza acompa\u00f1amiento para el desarrollo e implementaci\u00f3n del Sistema de Gesti\u00f3n de Seguridad y Salud en el trabajo (SG-SST)\",\"breadcrumb\":{\"@id\":\"https:\\\/\\\/fundacioneduresiduos.com\\\/sstema-de-gestion-de-la-seguridad-y-salud-en-el-trabajo-sg-sst\\\/#breadcrumb\"},\"inLanguage\":\"en-US\",\"potentialAction\":[{\"@type\":\"ReadAction\",\"target\":[\"https:\\\/\\\/fundacioneduresiduos.com\\\/sstema-de-gestion-de-la-seguridad-y-salud-en-el-trabajo-sg-sst\\\/\"]}]},{\"@type\":\"ImageObject\",\"inLanguage\":\"en-US\",\"@id\":\"https:\\\/\\\/fundacioneduresiduos.com\\\/sstema-de-gestion-de-la-seguridad-y-salud-en-el-trabajo-sg-sst\\\/#primaryimage\",\"url\":\"http:\\\/\\\/fundacioneduresiduos.com\\\/wp-content\\\/uploads\\\/2020\\\/08\\\/image-8.png\",\"contentUrl\":\"http:\\\/\\\/fundacioneduresiduos.com\\\/wp-content\\\/uploads\\\/2020\\\/08\\\/image-8.png\"},{\"@type\":\"BreadcrumbList\",\"@id\":\"https:\\\/\\\/fundacioneduresiduos.com\\\/sstema-de-gestion-de-la-seguridad-y-salud-en-el-trabajo-sg-sst\\\/#breadcrumb\",\"itemListElement\":[{\"@type\":\"ListItem\",\"position\":1,\"name\":\"Inicio\",\"item\":\"https:\\\/\\\/fundacioneduresiduos.com\\\/\"},{\"@type\":\"ListItem\",\"position\":2,\"name\":\"Asesor\u00eda en SG-SST\"}]},{\"@type\":\"WebSite\",\"@id\":\"https:\\\/\\\/fundacioneduresiduos.com\\\/#website\",\"url\":\"https:\\\/\\\/fundacioneduresiduos.com\\\/\",\"name\":\"Fundaci\u00f3n Edu-Residuos\",\"description\":\"Asesor\u00eda ambientales SGIRS y SG-SST\",\"publisher\":{\"@id\":\"https:\\\/\\\/fundacioneduresiduos.com\\\/#organization\"},\"potentialAction\":[{\"@type\":\"SearchAction\",\"target\":{\"@type\":\"EntryPoint\",\"urlTemplate\":\"https:\\\/\\\/fundacioneduresiduos.com\\\/?s={search_term_string}\"},\"query-input\":{\"@type\":\"PropertyValueSpecification\",\"valueRequired\":true,\"valueName\":\"search_term_string\"}}],\"inLanguage\":\"en-US\"},{\"@type\":\"Organization\",\"@id\":\"https:\\\/\\\/fundacioneduresiduos.com\\\/#organization\",\"name\":\"Fundaci\u00f3n Edu-Residuos\",\"url\":\"https:\\\/\\\/fundacioneduresiduos.com\\\/\",\"logo\":{\"@type\":\"ImageObject\",\"inLanguage\":\"en-US\",\"@id\":\"https:\\\/\\\/fundacioneduresiduos.com\\\/#\\\/schema\\\/logo\\\/image\\\/\",\"url\":\"https:\\\/\\\/i2.wp.com\\\/fundacioneduresiduos.com\\\/wp-content\\\/uploads\\\/2020\\\/06\\\/logoooooooooogg.png?fit=445%2C251&ssl=1\",\"contentUrl\":\"https:\\\/\\\/i2.wp.com\\\/fundacioneduresiduos.com\\\/wp-content\\\/uploads\\\/2020\\\/06\\\/logoooooooooogg.png?fit=445%2C251&ssl=1\",\"width\":445,\"height\":251,\"caption\":\"Fundaci\u00f3n Edu-Residuos\"},\"image\":{\"@id\":\"https:\\\/\\\/fundacioneduresiduos.com\\\/#\\\/schema\\\/logo\\\/image\\\/\"},\"sameAs\":[\"https:\\\/\\\/www.facebook.com\\\/eduresiduos\\\/?ref=bookmarks\"]}]}<\/script>\n<!-- \/ Yoast SEO plugin. -->","yoast_head_json":{"title":"Imolementamos el SG-SST en tu empresa - Edu-Residuos","description":"Se realiza acompa\u00f1amiento para el desarrollo e implementaci\u00f3n del Sistema de Gesti\u00f3n de Seguridad y Salud en el trabajo (SG-SST)","robots":{"index":"index","follow":"follow","max-snippet":"max-snippet:-1","max-image-preview":"max-image-preview:large","max-video-preview":"max-video-preview:-1"},"canonical":"https:\/\/fundacioneduresiduos.com\/en\/sstema-de-gestion-de-la-seguridad-y-salud-en-el-trabajo-sg-sst\/","og_locale":"en_US","og_type":"article","og_title":"Imolementamos el SG-SST en tu empresa - Edu-Residuos","og_description":"Se realiza acompa\u00f1amiento para el desarrollo e implementaci\u00f3n del Sistema de Gesti\u00f3n de Seguridad y Salud en el trabajo (SG-SST)","og_url":"https:\/\/fundacioneduresiduos.com\/en\/sstema-de-gestion-de-la-seguridad-y-salud-en-el-trabajo-sg-sst\/","og_site_name":"Fundaci\u00f3n Edu-Residuos","article_publisher":"https:\/\/www.facebook.com\/eduresiduos\/?ref=bookmarks","article_modified_time":"2020-08-30T06:58:44+00:00","og_image":[{"url":"http:\/\/fundacioneduresiduos.com\/wp-content\/uploads\/2020\/08\/image-8.png","type":"","width":"","height":""}],"twitter_card":"summary_large_image","twitter_misc":{"Est. reading time":"1 minute"},"schema":{"@context":"https:\/\/schema.org","@graph":[{"@type":"WebPage","@id":"https:\/\/fundacioneduresiduos.com\/sstema-de-gestion-de-la-seguridad-y-salud-en-el-trabajo-sg-sst\/","url":"https:\/\/fundacioneduresiduos.com\/sstema-de-gestion-de-la-seguridad-y-salud-en-el-trabajo-sg-sst\/","name":"Imolementamos el SG-SST en tu empresa - Edu-Residuos","isPartOf":{"@id":"https:\/\/fundacioneduresiduos.com\/#website"},"primaryImageOfPage":{"@id":"https:\/\/fundacioneduresiduos.com\/sstema-de-gestion-de-la-seguridad-y-salud-en-el-trabajo-sg-sst\/#primaryimage"},"image":{"@id":"https:\/\/fundacioneduresiduos.com\/sstema-de-gestion-de-la-seguridad-y-salud-en-el-trabajo-sg-sst\/#primaryimage"},"thumbnailUrl":"http:\/\/fundacioneduresiduos.com\/wp-content\/uploads\/2020\/08\/image-8.png","datePublished":"2020-06-18T03:57:05+00:00","dateModified":"2020-08-30T06:58:44+00:00","description":"Se realiza acompa\u00f1amiento para el desarrollo e implementaci\u00f3n del Sistema de Gesti\u00f3n de Seguridad y Salud en el trabajo (SG-SST)","breadcrumb":{"@id":"https:\/\/fundacioneduresiduos.com\/sstema-de-gestion-de-la-seguridad-y-salud-en-el-trabajo-sg-sst\/#breadcrumb"},"inLanguage":"en-US","potentialAction":[{"@type":"ReadAction","target":["https:\/\/fundacioneduresiduos.com\/sstema-de-gestion-de-la-seguridad-y-salud-en-el-trabajo-sg-sst\/"]}]},{"@type":"ImageObject","inLanguage":"en-US","@id":"https:\/\/fundacioneduresiduos.com\/sstema-de-gestion-de-la-seguridad-y-salud-en-el-trabajo-sg-sst\/#primaryimage","url":"http:\/\/fundacioneduresiduos.com\/wp-content\/uploads\/2020\/08\/image-8.png","contentUrl":"http:\/\/fundacioneduresiduos.com\/wp-content\/uploads\/2020\/08\/image-8.png"},{"@type":"BreadcrumbList","@id":"https:\/\/fundacioneduresiduos.com\/sstema-de-gestion-de-la-seguridad-y-salud-en-el-trabajo-sg-sst\/#breadcrumb","itemListElement":[{"@type":"ListItem","position":1,"name":"Inicio","item":"https:\/\/fundacioneduresiduos.com\/"},{"@type":"ListItem","position":2,"name":"Asesor\u00eda en SG-SST"}]},{"@type":"WebSite","@id":"https:\/\/fundacioneduresiduos.com\/#website","url":"https:\/\/fundacioneduresiduos.com\/","name":"Edu-Residuos Foundation","description":"Environmental assessment SGIRS and SG-SST","publisher":{"@id":"https:\/\/fundacioneduresiduos.com\/#organization"},"potentialAction":[{"@type":"SearchAction","target":{"@type":"EntryPoint","urlTemplate":"https:\/\/fundacioneduresiduos.com\/?s={search_term_string}"},"query-input":{"@type":"PropertyValueSpecification","valueRequired":true,"valueName":"search_term_string"}}],"inLanguage":"en-US"},{"@type":"Organization","@id":"https:\/\/fundacioneduresiduos.com\/#organization","name":"Edu-Residuos Foundation","url":"https:\/\/fundacioneduresiduos.com\/","logo":{"@type":"ImageObject","inLanguage":"en-US","@id":"https:\/\/fundacioneduresiduos.com\/#\/schema\/logo\/image\/","url":"https:\/\/i2.wp.com\/fundacioneduresiduos.com\/wp-content\/uploads\/2020\/06\/logoooooooooogg.png?fit=445%2C251&ssl=1","contentUrl":"https:\/\/i2.wp.com\/fundacioneduresiduos.com\/wp-content\/uploads\/2020\/06\/logoooooooooogg.png?fit=445%2C251&ssl=1","width":445,"height":251,"caption":"Fundaci\u00f3n Edu-Residuos"},"image":{"@id":"https:\/\/fundacioneduresiduos.com\/#\/schema\/logo\/image\/"},"sameAs":["https:\/\/www.facebook.com\/eduresiduos\/?ref=bookmarks"]}]}},"jetpack_sharing_enabled":true,"_links":{"self":[{"href":"https:\/\/fundacioneduresiduos.com\/en\/wp-json\/wp\/v2\/pages\/392","targetHints":{"allow":["GET"]}}],"collection":[{"href":"https:\/\/fundacioneduresiduos.com\/en\/wp-json\/wp\/v2\/pages"}],"about":[{"href":"https:\/\/fundacioneduresiduos.com\/en\/wp-json\/wp\/v2\/types\/page"}],"author":[{"embeddable":true,"href":"https:\/\/fundacioneduresiduos.com\/en\/wp-json\/wp\/v2\/users\/2"}],"replies":[{"embeddable":true,"href":"https:\/\/fundacioneduresiduos.com\/en\/wp-json\/wp\/v2\/comments?post=392"}],"version-history":[{"count":18,"href":"https:\/\/fundacioneduresiduos.com\/en\/wp-json\/wp\/v2\/pages\/392\/revisions"}],"predecessor-version":[{"id":1041,"href":"https:\/\/fundacioneduresiduos.com\/en\/wp-json\/wp\/v2\/pages\/392\/revisions\/1041"}],"wp:attachment":[{"href":"https:\/\/fundacioneduresiduos.com\/en\/wp-json\/wp\/v2\/media?parent=392"}],"curies":[{"name":"wp","href":"https:\/\/api.w.org\/{rel}","templated":true}]}}