{"id":396,"date":"2020-06-18T04:03:57","date_gmt":"2020-06-18T04:03:57","guid":{"rendered":"http:\/\/fundacioneduresiduos.com\/?page_id=396"},"modified":"2020-07-08T08:26:11","modified_gmt":"2020-07-08T08:26:11","slug":"capacitaciones-de-separacion-en-la-fuente-de-residuos-solidos-adultos-y-ninos-y-sg-sst","status":"publish","type":"page","link":"https:\/\/fundacioneduresiduos.com\/en\/capacitaciones-de-separacion-en-la-fuente-de-residuos-solidos-adultos-y-ninos-y-sg-sst\/","title":{"rendered":"Capacitaciones de separaci\u00f3n en la fuente de residuos s\u00f3lidos (Adultos y ni\u00f1os) y SG-SST"},"content":{"rendered":"<body>\n<p style=\"color:#053112;font-size:25px\" class=\"has-text-color\">Debido a la importancia de fortalecer la educaci\u00f3n ambiental en los ni\u00f1os y j\u00f3venes, la fundaci\u00f3n a creado un programa de capacitaciones que formen l\u00edderes en sus comunidades, que permita a las pr\u00f3ximas generaciones disfrutar de los recursos naturales<\/p>\n<\/body>","protected":false},"excerpt":{"rendered":"<p>Debido a la importancia de fortalecer la educaci\u00f3n ambiental en los ni\u00f1os y j\u00f3venes, la fundaci\u00f3n a creado un programa de capacitaciones que formen l\u00edderes en sus comunidades, que permita a las pr\u00f3ximas generaciones disfrutar de los recursos naturales<\/p>","protected":false},"author":2,"featured_media":0,"parent":0,"menu_order":0,"comment_status":"closed","ping_status":"closed","template":"","meta":{"_bbp_topic_count":0,"_bbp_reply_count":0,"_bbp_total_topic_count":0,"_bbp_total_reply_count":0,"_bbp_voice_count":0,"_bbp_anonymous_reply_count":0,"_bbp_topic_count_hidden":0,"_bbp_reply_count_hidden":0,"_bbp_forum_subforum_count":0,"om_disable_all_campaigns":false,"_monsterinsights_skip_tracking":false,"_monsterinsights_sitenote_active":false,"_monsterinsights_sitenote_note":"","_monsterinsights_sitenote_category":0,"_joinchat":[],"footnotes":""},"class_list":["post-396","page","type-page","status-publish","hentry"],"yoast_head":"<!-- This site is optimized with the Yoast SEO plugin v27.3 - https:\/\/yoast.com\/product\/yoast-seo-wordpress\/ -->\n<title>Capacitaciones de separaci\u00f3n en la fuente de residuos s\u00f3lidos (Adultos y ni\u00f1os) y SG-SST - Fundaci\u00f3n Edu-Residuos<\/title>\n<meta name=\"robots\" content=\"index, follow, max-snippet:-1, max-image-preview:large, max-video-preview:-1\" \/>\n<link rel=\"canonical\" href=\"https:\/\/fundacioneduresiduos.com\/en\/capacitaciones-de-separacion-en-la-fuente-de-residuos-solidos-adultos-y-ninos-y-sg-sst\/\" \/>\n<meta property=\"og:locale\" content=\"en_US\" \/>\n<meta property=\"og:type\" content=\"article\" \/>\n<meta property=\"og:title\" content=\"Capacitaciones de separaci\u00f3n en la fuente de residuos s\u00f3lidos (Adultos y ni\u00f1os) y SG-SST - Fundaci\u00f3n Edu-Residuos\" \/>\n<meta property=\"og:description\" content=\"Debido a la importancia de fortalecer la educaci\u00f3n ambiental en los ni\u00f1os y j\u00f3venes, la fundaci\u00f3n a creado un programa de capacitaciones que formen l\u00edderes en sus comunidades, que permita a las pr\u00f3ximas generaciones disfrutar de los recursos naturales\" \/>\n<meta property=\"og:url\" content=\"https:\/\/fundacioneduresiduos.com\/en\/capacitaciones-de-separacion-en-la-fuente-de-residuos-solidos-adultos-y-ninos-y-sg-sst\/\" \/>\n<meta property=\"og:site_name\" content=\"Fundaci\u00f3n Edu-Residuos\" \/>\n<meta property=\"article:publisher\" content=\"https:\/\/www.facebook.com\/eduresiduos\/?ref=bookmarks\" \/>\n<meta property=\"article:modified_time\" content=\"2020-07-08T08:26:11+00:00\" \/>\n<meta name=\"twitter:card\" content=\"summary_large_image\" \/>\n<script type=\"application\/ld+json\" class=\"yoast-schema-graph\">{\"@context\":\"https:\\\/\\\/schema.org\",\"@graph\":[{\"@type\":\"WebPage\",\"@id\":\"https:\\\/\\\/fundacioneduresiduos.com\\\/capacitaciones-de-separacion-en-la-fuente-de-residuos-solidos-adultos-y-ninos-y-sg-sst\\\/\",\"url\":\"https:\\\/\\\/fundacioneduresiduos.com\\\/capacitaciones-de-separacion-en-la-fuente-de-residuos-solidos-adultos-y-ninos-y-sg-sst\\\/\",\"name\":\"Capacitaciones de separaci\u00f3n en la fuente de residuos s\u00f3lidos (Adultos y ni\u00f1os) y SG-SST - Fundaci\u00f3n Edu-Residuos\",\"isPartOf\":{\"@id\":\"https:\\\/\\\/fundacioneduresiduos.com\\\/#website\"},\"datePublished\":\"2020-06-18T04:03:57+00:00\",\"dateModified\":\"2020-07-08T08:26:11+00:00\",\"breadcrumb\":{\"@id\":\"https:\\\/\\\/fundacioneduresiduos.com\\\/capacitaciones-de-separacion-en-la-fuente-de-residuos-solidos-adultos-y-ninos-y-sg-sst\\\/#breadcrumb\"},\"inLanguage\":\"en-US\",\"potentialAction\":[{\"@type\":\"ReadAction\",\"target\":[\"https:\\\/\\\/fundacioneduresiduos.com\\\/capacitaciones-de-separacion-en-la-fuente-de-residuos-solidos-adultos-y-ninos-y-sg-sst\\\/\"]}]},{\"@type\":\"BreadcrumbList\",\"@id\":\"https:\\\/\\\/fundacioneduresiduos.com\\\/capacitaciones-de-separacion-en-la-fuente-de-residuos-solidos-adultos-y-ninos-y-sg-sst\\\/#breadcrumb\",\"itemListElement\":[{\"@type\":\"ListItem\",\"position\":1,\"name\":\"Inicio\",\"item\":\"https:\\\/\\\/fundacioneduresiduos.com\\\/\"},{\"@type\":\"ListItem\",\"position\":2,\"name\":\"Capacitaciones de separaci\u00f3n en la fuente de residuos s\u00f3lidos (Adultos y ni\u00f1os) y SG-SST\"}]},{\"@type\":\"WebSite\",\"@id\":\"https:\\\/\\\/fundacioneduresiduos.com\\\/#website\",\"url\":\"https:\\\/\\\/fundacioneduresiduos.com\\\/\",\"name\":\"Fundaci\u00f3n Edu-Residuos\",\"description\":\"Asesor\u00eda ambientales SGIRS y SG-SST\",\"publisher\":{\"@id\":\"https:\\\/\\\/fundacioneduresiduos.com\\\/#organization\"},\"potentialAction\":[{\"@type\":\"SearchAction\",\"target\":{\"@type\":\"EntryPoint\",\"urlTemplate\":\"https:\\\/\\\/fundacioneduresiduos.com\\\/?s={search_term_string}\"},\"query-input\":{\"@type\":\"PropertyValueSpecification\",\"valueRequired\":true,\"valueName\":\"search_term_string\"}}],\"inLanguage\":\"en-US\"},{\"@type\":\"Organization\",\"@id\":\"https:\\\/\\\/fundacioneduresiduos.com\\\/#organization\",\"name\":\"Fundaci\u00f3n Edu-Residuos\",\"url\":\"https:\\\/\\\/fundacioneduresiduos.com\\\/\",\"logo\":{\"@type\":\"ImageObject\",\"inLanguage\":\"en-US\",\"@id\":\"https:\\\/\\\/fundacioneduresiduos.com\\\/#\\\/schema\\\/logo\\\/image\\\/\",\"url\":\"https:\\\/\\\/i2.wp.com\\\/fundacioneduresiduos.com\\\/wp-content\\\/uploads\\\/2020\\\/06\\\/logoooooooooogg.png?fit=445%2C251&ssl=1\",\"contentUrl\":\"https:\\\/\\\/i2.wp.com\\\/fundacioneduresiduos.com\\\/wp-content\\\/uploads\\\/2020\\\/06\\\/logoooooooooogg.png?fit=445%2C251&ssl=1\",\"width\":445,\"height\":251,\"caption\":\"Fundaci\u00f3n Edu-Residuos\"},\"image\":{\"@id\":\"https:\\\/\\\/fundacioneduresiduos.com\\\/#\\\/schema\\\/logo\\\/image\\\/\"},\"sameAs\":[\"https:\\\/\\\/www.facebook.com\\\/eduresiduos\\\/?ref=bookmarks\"]}]}<\/script>\n<!-- \/ Yoast SEO plugin. -->","yoast_head_json":{"title":"Capacitaciones de separaci\u00f3n en la fuente de residuos s\u00f3lidos (Adultos y ni\u00f1os) y SG-SST - Fundaci\u00f3n Edu-Residuos","robots":{"index":"index","follow":"follow","max-snippet":"max-snippet:-1","max-image-preview":"max-image-preview:large","max-video-preview":"max-video-preview:-1"},"canonical":"https:\/\/fundacioneduresiduos.com\/en\/capacitaciones-de-separacion-en-la-fuente-de-residuos-solidos-adultos-y-ninos-y-sg-sst\/","og_locale":"en_US","og_type":"article","og_title":"Capacitaciones de separaci\u00f3n en la fuente de residuos s\u00f3lidos (Adultos y ni\u00f1os) y SG-SST - Fundaci\u00f3n Edu-Residuos","og_description":"Debido a la importancia de fortalecer la educaci\u00f3n ambiental en los ni\u00f1os y j\u00f3venes, la fundaci\u00f3n a creado un programa de capacitaciones que formen l\u00edderes en sus comunidades, que permita a las pr\u00f3ximas generaciones disfrutar de los recursos naturales","og_url":"https:\/\/fundacioneduresiduos.com\/en\/capacitaciones-de-separacion-en-la-fuente-de-residuos-solidos-adultos-y-ninos-y-sg-sst\/","og_site_name":"Fundaci\u00f3n Edu-Residuos","article_publisher":"https:\/\/www.facebook.com\/eduresiduos\/?ref=bookmarks","article_modified_time":"2020-07-08T08:26:11+00:00","twitter_card":"summary_large_image","schema":{"@context":"https:\/\/schema.org","@graph":[{"@type":"WebPage","@id":"https:\/\/fundacioneduresiduos.com\/capacitaciones-de-separacion-en-la-fuente-de-residuos-solidos-adultos-y-ninos-y-sg-sst\/","url":"https:\/\/fundacioneduresiduos.com\/capacitaciones-de-separacion-en-la-fuente-de-residuos-solidos-adultos-y-ninos-y-sg-sst\/","name":"Capacitaciones de separaci\u00f3n en la fuente de residuos s\u00f3lidos (Adultos y ni\u00f1os) y SG-SST - Fundaci\u00f3n Edu-Residuos","isPartOf":{"@id":"https:\/\/fundacioneduresiduos.com\/#website"},"datePublished":"2020-06-18T04:03:57+00:00","dateModified":"2020-07-08T08:26:11+00:00","breadcrumb":{"@id":"https:\/\/fundacioneduresiduos.com\/capacitaciones-de-separacion-en-la-fuente-de-residuos-solidos-adultos-y-ninos-y-sg-sst\/#breadcrumb"},"inLanguage":"en-US","potentialAction":[{"@type":"ReadAction","target":["https:\/\/fundacioneduresiduos.com\/capacitaciones-de-separacion-en-la-fuente-de-residuos-solidos-adultos-y-ninos-y-sg-sst\/"]}]},{"@type":"BreadcrumbList","@id":"https:\/\/fundacioneduresiduos.com\/capacitaciones-de-separacion-en-la-fuente-de-residuos-solidos-adultos-y-ninos-y-sg-sst\/#breadcrumb","itemListElement":[{"@type":"ListItem","position":1,"name":"Inicio","item":"https:\/\/fundacioneduresiduos.com\/"},{"@type":"ListItem","position":2,"name":"Capacitaciones de separaci\u00f3n en la fuente de residuos s\u00f3lidos (Adultos y ni\u00f1os) y SG-SST"}]},{"@type":"WebSite","@id":"https:\/\/fundacioneduresiduos.com\/#website","url":"https:\/\/fundacioneduresiduos.com\/","name":"Edu-Residuos Foundation","description":"Environmental assessment SGIRS and SG-SST","publisher":{"@id":"https:\/\/fundacioneduresiduos.com\/#organization"},"potentialAction":[{"@type":"SearchAction","target":{"@type":"EntryPoint","urlTemplate":"https:\/\/fundacioneduresiduos.com\/?s={search_term_string}"},"query-input":{"@type":"PropertyValueSpecification","valueRequired":true,"valueName":"search_term_string"}}],"inLanguage":"en-US"},{"@type":"Organization","@id":"https:\/\/fundacioneduresiduos.com\/#organization","name":"Edu-Residuos Foundation","url":"https:\/\/fundacioneduresiduos.com\/","logo":{"@type":"ImageObject","inLanguage":"en-US","@id":"https:\/\/fundacioneduresiduos.com\/#\/schema\/logo\/image\/","url":"https:\/\/i2.wp.com\/fundacioneduresiduos.com\/wp-content\/uploads\/2020\/06\/logoooooooooogg.png?fit=445%2C251&ssl=1","contentUrl":"https:\/\/i2.wp.com\/fundacioneduresiduos.com\/wp-content\/uploads\/2020\/06\/logoooooooooogg.png?fit=445%2C251&ssl=1","width":445,"height":251,"caption":"Fundaci\u00f3n Edu-Residuos"},"image":{"@id":"https:\/\/fundacioneduresiduos.com\/#\/schema\/logo\/image\/"},"sameAs":["https:\/\/www.facebook.com\/eduresiduos\/?ref=bookmarks"]}]}},"jetpack_sharing_enabled":true,"_links":{"self":[{"href":"https:\/\/fundacioneduresiduos.com\/en\/wp-json\/wp\/v2\/pages\/396","targetHints":{"allow":["GET"]}}],"collection":[{"href":"https:\/\/fundacioneduresiduos.com\/en\/wp-json\/wp\/v2\/pages"}],"about":[{"href":"https:\/\/fundacioneduresiduos.com\/en\/wp-json\/wp\/v2\/types\/page"}],"author":[{"embeddable":true,"href":"https:\/\/fundacioneduresiduos.com\/en\/wp-json\/wp\/v2\/users\/2"}],"replies":[{"embeddable":true,"href":"https:\/\/fundacioneduresiduos.com\/en\/wp-json\/wp\/v2\/comments?post=396"}],"version-history":[{"count":1,"href":"https:\/\/fundacioneduresiduos.com\/en\/wp-json\/wp\/v2\/pages\/396\/revisions"}],"predecessor-version":[{"id":397,"href":"https:\/\/fundacioneduresiduos.com\/en\/wp-json\/wp\/v2\/pages\/396\/revisions\/397"}],"wp:attachment":[{"href":"https:\/\/fundacioneduresiduos.com\/en\/wp-json\/wp\/v2\/media?parent=396"}],"curies":[{"name":"wp","href":"https:\/\/api.w.org\/{rel}","templated":true}]}}