{"id":402,"date":"2020-06-18T04:12:24","date_gmt":"2020-06-18T04:12:24","guid":{"rendered":"http:\/\/fundacioneduresiduos.com\/?page_id=402"},"modified":"2020-08-30T03:13:10","modified_gmt":"2020-08-30T08:13:10","slug":"licencias-ambientales","status":"publish","type":"page","link":"https:\/\/fundacioneduresiduos.com\/en\/licencias-ambientales\/","title":{"rendered":"Licencias ambientales"},"content":{"rendered":"<body>\n<h2 class=\"has-text-align-center wp-block-heading\" style=\"font-size:40px\">Servicios y asesor\u00edas <\/h2>\n\n\n\n<p><\/p>\n\n\n\n<p style=\"font-size:23px\">La tramitaci\u00f3n y aprobaci\u00f3n de licencias ambientales, tiene por objeto facilitar la identificaci\u00f3n de la normativa, y la realizaci\u00f3n de proyectos;  adem\u00e1s,  cumplir con los est\u00e1ndares y la aprobaci\u00f3n de los permisos necesarios . <\/p>\n\n\n\n<p style=\"font-size:23px\">As\u00ed mismo, la evaluaci\u00f3n previa de los proyectos deber\u00e1 ajustarse a lo establecido en las distintas normativas vigentes. Las cuales exigen a los titulares, adem\u00e1s de los requerimientos t\u00e9cnicos, los procedimientos y permisos solicitados por los distintos Servicios del Estado<\/p>\n\n\n\n<p style=\"font-size:23px\">En \u00a0 el \u00a0 a\u00f1o \u00a02015 \u00a0el \u00a0Ministro \u00a0de \u00a0Ambiente \u00a0y \u00a0Desarrollo \u00a0 Sostenible \u00a0emite \u00a0el \u00a0<a href=\"https:\/\/www.mininterior.gov.co\/la-institucion\/normatividad\/decreto-1076-del-28-de-julio-de-2020\">Decreto \u00a01076<\/a>, como Decreto \u00danico Reglamentario \u00a0del \u00a0Sector \u00a0Ambiente y Desarrollo Sostenible; ciertamente creado para fijar los procedimientos y los par\u00e1metros que se deben llevar a cabo al solicitar  licencias ambientales en el pa\u00eds<\/p>\n\n\n\n<p style=\"font-size:23px\">Adem\u00e1s, \u00a0 en \u00a0 este \u00a0Decreto \u00a0 se \u00a0establece \u00a0 que \u00a0 las \u00a0Licencias \u00a0Ambientales \u00a0 llevar\u00e1 \u00a0impl\u00edcitos \u00a0 todos los permisos, autorizaciones \u00a0y\/o concesiones; \u00a0para \u00a0el uso,\u00a0aprovechamiento y\/o afectaci\u00f3n de los recursos naturales renovables que sean \u00a0necesarios por el tiempo de vida \u00a0\u00fatil del proyecto, obra o actividad<\/p>\n\n\n\n<div class=\"wp-block-image\"><figure class=\"alignleft size-large is-resized\"><img data-recalc-dims=\"1\" loading=\"lazy\" decoding=\"async\" src=\"https:\/\/i0.wp.com\/fundacioneduresiduos.com\/wp-content\/uploads\/2020\/08\/image-13-576x1024.png?resize=193%2C341\" alt=\"\" class=\"wp-image-1065\" width=\"193\" height=\"341\" srcset=\"https:\/\/i0.wp.com\/fundacioneduresiduos.com\/wp-content\/uploads\/2020\/08\/image-13.png?resize=169%2C300&amp;ssl=1 169w, https:\/\/i0.wp.com\/fundacioneduresiduos.com\/wp-content\/uploads\/2020\/08\/image-13.png?zoom=2&amp;resize=193%2C341&amp;ssl=1 386w, https:\/\/i0.wp.com\/fundacioneduresiduos.com\/wp-content\/uploads\/2020\/08\/image-13.png?zoom=3&amp;resize=193%2C341&amp;ssl=1 579w\" sizes=\"auto, (max-width: 193px) 100vw, 193px\" \/><\/figure><\/div>\n\n\n\n<p style=\"font-size:23px\">Por lo tanto, las licencias \u00a0ambientales deber\u00e1n obtenerse previamente \u00a0 a \u00a0la iniciaci\u00f3n del proyecto y cobijar\u00e1 las fases de;  construcci\u00f3n,\u00a0montaje, operaci\u00f3n, mantenimiento, desmantelamiento, restauraci\u00f3n final, abandono y\/o terminaci\u00f3n.\u00a0<\/p>\n\n\n\n<p><\/p>\n\n\n\n<p style=\"font-size:23px\">Como resultado a lo anterior la Fundaci\u00f3n Edu-Residuos,  brinda acompa\u00f1amiento continuo durante \u00a0las diferentes fases de;  licenciamiento \u00a0del \u00a0proyecto, \u00a0obras \u00a0o \u00a0actividades, \u00a0desde \u00a0las etapas \u00a0previas \u00a0de estudios \u00a0y an\u00e1lisis, operaci\u00f3n, \u00a0asesor\u00eda e interventor\u00eda, hasta que termine; garantizando su viabilidad y compatibilidad con el medio ambiente.\u00a0<\/p>\n\n\n\n<h3 class=\"wp-block-heading\">Acompa\u00f1amiento y asesor\u00eda en estudios y ambientales como; <\/h3>\n\n\n\n<ul class=\"wp-block-list\"><li> <font size=\"5\">Diagn\u00f3stico ambiental de alternativas<\/font><\/li><li><font size=\"5\">Estudio \u00a0de \u00a0impacto ambiental<\/font><\/li><li><font size=\"5\">Tr\u00e1mite de Permisos de estudio de recursos naturales<\/font><\/li><li><font size=\"5\">Tr\u00e1mite de Permiso de recolecci\u00f3n con fines de elaboraci\u00f3n de estudios ambientales<\/font><\/li><li><font size=\"5\">Valoraci\u00f3n econ\u00f3mica ambiental \u00a0<\/font><\/li><\/ul>\n\n\n\n<p><\/p>\n\n\n\n<p class=\"has-text-color\" style=\"font-size:23px;color:#044e0b\">Para mayor informaci\u00f3n puede comunicarse o enviar un mensaje. <\/p>\n\n\n\n<p><\/p>\n\n\n\n<p style=\"font-size:23px\">Celular 3103792072, E-mail:<a href=\"mailto:edu_residuos@hotmail.com\">edu_residuos@hotmail.com<\/a><\/p>\n\n\n\n<p><\/p>\n\n\n\n<h3 class=\"wp-block-heading\" style=\"font-size:30px\"><a href=\"http:\/\/fundacioneduresiduos.com\/en\/residuos-solidos\/servicios\/\">Otros servicios<\/a><\/h3>\n\n\n\n<p><\/p>\n<\/body>","protected":false},"excerpt":{"rendered":"<p>Servicios y asesor\u00edas La tramitaci\u00f3n y aprobaci\u00f3n de licencias ambientales, tiene por objeto facilitar la identificaci\u00f3n de la normativa, y la realizaci\u00f3n de proyectos; adem\u00e1s, cumplir con los est\u00e1ndares y la aprobaci\u00f3n de los permisos necesarios . As\u00ed mismo, la evaluaci\u00f3n previa de los proyectos deber\u00e1 ajustarse a lo establecido en las distintas normativas vigentes. [&hellip;]<\/p>\n","protected":false},"author":2,"featured_media":1065,"parent":0,"menu_order":0,"comment_status":"closed","ping_status":"closed","template":"","meta":{"_bbp_topic_count":0,"_bbp_reply_count":0,"_bbp_total_topic_count":0,"_bbp_total_reply_count":0,"_bbp_voice_count":0,"_bbp_anonymous_reply_count":0,"_bbp_topic_count_hidden":0,"_bbp_reply_count_hidden":0,"_bbp_forum_subforum_count":0,"om_disable_all_campaigns":false,"_monsterinsights_skip_tracking":false,"_monsterinsights_sitenote_active":false,"_monsterinsights_sitenote_note":"","_monsterinsights_sitenote_category":0,"_joinchat":[],"footnotes":""},"class_list":["post-402","page","type-page","status-publish","has-post-thumbnail","hentry"],"yoast_head":"<!-- This site is optimized with the Yoast SEO plugin v27.5 - https:\/\/yoast.com\/product\/yoast-seo-wordpress\/ -->\n<title>Asesor\u00eda en Licencias Ambientales - Fundaci\u00f3n Edu-Residuos<\/title>\n<meta name=\"description\" content=\"Acompa\u00f1amiento y asesor\u00eda en estudios y Licencias Ambientales ambientales - Tr\u00e1mite de Permiso de recolecci\u00f3n con....\" \/>\n<meta name=\"robots\" content=\"index, follow, max-snippet:-1, max-image-preview:large, max-video-preview:-1\" \/>\n<link rel=\"canonical\" href=\"https:\/\/fundacioneduresiduos.com\/en\/licencias-ambientales\/\" \/>\n<meta property=\"og:locale\" content=\"en_US\" \/>\n<meta property=\"og:type\" content=\"article\" \/>\n<meta property=\"og:title\" content=\"Asesor\u00eda en Licencias Ambientales - Fundaci\u00f3n Edu-Residuos\" \/>\n<meta property=\"og:description\" content=\"Acompa\u00f1amiento y asesor\u00eda en estudios y Licencias Ambientales ambientales - Tr\u00e1mite de Permiso de recolecci\u00f3n con....\" \/>\n<meta property=\"og:url\" content=\"https:\/\/fundacioneduresiduos.com\/en\/licencias-ambientales\/\" \/>\n<meta property=\"og:site_name\" content=\"Fundaci\u00f3n Edu-Residuos\" \/>\n<meta property=\"article:publisher\" content=\"https:\/\/www.facebook.com\/eduresiduos\/?ref=bookmarks\" \/>\n<meta property=\"article:modified_time\" content=\"2020-08-30T08:13:10+00:00\" \/>\n<meta property=\"og:image\" content=\"https:\/\/fundacioneduresiduos.com\/wp-content\/uploads\/2020\/08\/image-13.png\" \/>\n\t<meta property=\"og:image:width\" content=\"720\" \/>\n\t<meta property=\"og:image:height\" content=\"1280\" \/>\n\t<meta property=\"og:image:type\" content=\"image\/png\" \/>\n<meta name=\"twitter:card\" content=\"summary_large_image\" \/>\n<meta name=\"twitter:label1\" content=\"Est. reading time\" \/>\n\t<meta name=\"twitter:data1\" content=\"2 minutes\" \/>\n<script type=\"application\/ld+json\" class=\"yoast-schema-graph\">{\"@context\":\"https:\\\/\\\/schema.org\",\"@graph\":[{\"@type\":\"WebPage\",\"@id\":\"https:\\\/\\\/fundacioneduresiduos.com\\\/licencias-ambientales\\\/\",\"url\":\"https:\\\/\\\/fundacioneduresiduos.com\\\/licencias-ambientales\\\/\",\"name\":\"Asesor\u00eda en Licencias Ambientales - Fundaci\u00f3n Edu-Residuos\",\"isPartOf\":{\"@id\":\"https:\\\/\\\/fundacioneduresiduos.com\\\/#website\"},\"primaryImageOfPage\":{\"@id\":\"https:\\\/\\\/fundacioneduresiduos.com\\\/licencias-ambientales\\\/#primaryimage\"},\"image\":{\"@id\":\"https:\\\/\\\/fundacioneduresiduos.com\\\/licencias-ambientales\\\/#primaryimage\"},\"thumbnailUrl\":\"https:\\\/\\\/i0.wp.com\\\/fundacioneduresiduos.com\\\/wp-content\\\/uploads\\\/2020\\\/08\\\/image-13.png?fit=720%2C1280&ssl=1\",\"datePublished\":\"2020-06-18T04:12:24+00:00\",\"dateModified\":\"2020-08-30T08:13:10+00:00\",\"description\":\"Acompa\u00f1amiento y asesor\u00eda en estudios y Licencias Ambientales ambientales - Tr\u00e1mite de Permiso de recolecci\u00f3n con....\",\"breadcrumb\":{\"@id\":\"https:\\\/\\\/fundacioneduresiduos.com\\\/licencias-ambientales\\\/#breadcrumb\"},\"inLanguage\":\"en-US\",\"potentialAction\":[{\"@type\":\"ReadAction\",\"target\":[\"https:\\\/\\\/fundacioneduresiduos.com\\\/licencias-ambientales\\\/\"]}]},{\"@type\":\"ImageObject\",\"inLanguage\":\"en-US\",\"@id\":\"https:\\\/\\\/fundacioneduresiduos.com\\\/licencias-ambientales\\\/#primaryimage\",\"url\":\"https:\\\/\\\/i0.wp.com\\\/fundacioneduresiduos.com\\\/wp-content\\\/uploads\\\/2020\\\/08\\\/image-13.png?fit=720%2C1280&ssl=1\",\"contentUrl\":\"https:\\\/\\\/i0.wp.com\\\/fundacioneduresiduos.com\\\/wp-content\\\/uploads\\\/2020\\\/08\\\/image-13.png?fit=720%2C1280&ssl=1\",\"width\":720,\"height\":1280},{\"@type\":\"BreadcrumbList\",\"@id\":\"https:\\\/\\\/fundacioneduresiduos.com\\\/licencias-ambientales\\\/#breadcrumb\",\"itemListElement\":[{\"@type\":\"ListItem\",\"position\":1,\"name\":\"Inicio\",\"item\":\"https:\\\/\\\/fundacioneduresiduos.com\\\/\"},{\"@type\":\"ListItem\",\"position\":2,\"name\":\"Licencias ambientales\"}]},{\"@type\":\"WebSite\",\"@id\":\"https:\\\/\\\/fundacioneduresiduos.com\\\/#website\",\"url\":\"https:\\\/\\\/fundacioneduresiduos.com\\\/\",\"name\":\"Fundaci\u00f3n Edu-Residuos\",\"description\":\"Asesor\u00eda ambientales SGIRS y SG-SST\",\"publisher\":{\"@id\":\"https:\\\/\\\/fundacioneduresiduos.com\\\/#organization\"},\"potentialAction\":[{\"@type\":\"SearchAction\",\"target\":{\"@type\":\"EntryPoint\",\"urlTemplate\":\"https:\\\/\\\/fundacioneduresiduos.com\\\/?s={search_term_string}\"},\"query-input\":{\"@type\":\"PropertyValueSpecification\",\"valueRequired\":true,\"valueName\":\"search_term_string\"}}],\"inLanguage\":\"en-US\"},{\"@type\":\"Organization\",\"@id\":\"https:\\\/\\\/fundacioneduresiduos.com\\\/#organization\",\"name\":\"Fundaci\u00f3n Edu-Residuos\",\"url\":\"https:\\\/\\\/fundacioneduresiduos.com\\\/\",\"logo\":{\"@type\":\"ImageObject\",\"inLanguage\":\"en-US\",\"@id\":\"https:\\\/\\\/fundacioneduresiduos.com\\\/#\\\/schema\\\/logo\\\/image\\\/\",\"url\":\"https:\\\/\\\/i2.wp.com\\\/fundacioneduresiduos.com\\\/wp-content\\\/uploads\\\/2020\\\/06\\\/logoooooooooogg.png?fit=445%2C251&ssl=1\",\"contentUrl\":\"https:\\\/\\\/i2.wp.com\\\/fundacioneduresiduos.com\\\/wp-content\\\/uploads\\\/2020\\\/06\\\/logoooooooooogg.png?fit=445%2C251&ssl=1\",\"width\":445,\"height\":251,\"caption\":\"Fundaci\u00f3n Edu-Residuos\"},\"image\":{\"@id\":\"https:\\\/\\\/fundacioneduresiduos.com\\\/#\\\/schema\\\/logo\\\/image\\\/\"},\"sameAs\":[\"https:\\\/\\\/www.facebook.com\\\/eduresiduos\\\/?ref=bookmarks\"]}]}<\/script>\n<!-- \/ Yoast SEO plugin. -->","yoast_head_json":{"title":"Asesor\u00eda en Licencias Ambientales - Fundaci\u00f3n Edu-Residuos","description":"Acompa\u00f1amiento y asesor\u00eda en estudios y Licencias Ambientales ambientales - Tr\u00e1mite de Permiso de recolecci\u00f3n con....","robots":{"index":"index","follow":"follow","max-snippet":"max-snippet:-1","max-image-preview":"max-image-preview:large","max-video-preview":"max-video-preview:-1"},"canonical":"https:\/\/fundacioneduresiduos.com\/en\/licencias-ambientales\/","og_locale":"en_US","og_type":"article","og_title":"Asesor\u00eda en Licencias Ambientales - Fundaci\u00f3n Edu-Residuos","og_description":"Acompa\u00f1amiento y asesor\u00eda en estudios y Licencias Ambientales ambientales - Tr\u00e1mite de Permiso de recolecci\u00f3n con....","og_url":"https:\/\/fundacioneduresiduos.com\/en\/licencias-ambientales\/","og_site_name":"Fundaci\u00f3n Edu-Residuos","article_publisher":"https:\/\/www.facebook.com\/eduresiduos\/?ref=bookmarks","article_modified_time":"2020-08-30T08:13:10+00:00","og_image":[{"width":720,"height":1280,"url":"https:\/\/fundacioneduresiduos.com\/wp-content\/uploads\/2020\/08\/image-13.png","type":"image\/png"}],"twitter_card":"summary_large_image","twitter_misc":{"Est. reading time":"2 minutes"},"schema":{"@context":"https:\/\/schema.org","@graph":[{"@type":"WebPage","@id":"https:\/\/fundacioneduresiduos.com\/licencias-ambientales\/","url":"https:\/\/fundacioneduresiduos.com\/licencias-ambientales\/","name":"Asesor\u00eda en Licencias Ambientales - Fundaci\u00f3n Edu-Residuos","isPartOf":{"@id":"https:\/\/fundacioneduresiduos.com\/#website"},"primaryImageOfPage":{"@id":"https:\/\/fundacioneduresiduos.com\/licencias-ambientales\/#primaryimage"},"image":{"@id":"https:\/\/fundacioneduresiduos.com\/licencias-ambientales\/#primaryimage"},"thumbnailUrl":"https:\/\/i0.wp.com\/fundacioneduresiduos.com\/wp-content\/uploads\/2020\/08\/image-13.png?fit=720%2C1280&ssl=1","datePublished":"2020-06-18T04:12:24+00:00","dateModified":"2020-08-30T08:13:10+00:00","description":"Acompa\u00f1amiento y asesor\u00eda en estudios y Licencias Ambientales ambientales - Tr\u00e1mite de Permiso de recolecci\u00f3n con....","breadcrumb":{"@id":"https:\/\/fundacioneduresiduos.com\/licencias-ambientales\/#breadcrumb"},"inLanguage":"en-US","potentialAction":[{"@type":"ReadAction","target":["https:\/\/fundacioneduresiduos.com\/licencias-ambientales\/"]}]},{"@type":"ImageObject","inLanguage":"en-US","@id":"https:\/\/fundacioneduresiduos.com\/licencias-ambientales\/#primaryimage","url":"https:\/\/i0.wp.com\/fundacioneduresiduos.com\/wp-content\/uploads\/2020\/08\/image-13.png?fit=720%2C1280&ssl=1","contentUrl":"https:\/\/i0.wp.com\/fundacioneduresiduos.com\/wp-content\/uploads\/2020\/08\/image-13.png?fit=720%2C1280&ssl=1","width":720,"height":1280},{"@type":"BreadcrumbList","@id":"https:\/\/fundacioneduresiduos.com\/licencias-ambientales\/#breadcrumb","itemListElement":[{"@type":"ListItem","position":1,"name":"Inicio","item":"https:\/\/fundacioneduresiduos.com\/"},{"@type":"ListItem","position":2,"name":"Licencias ambientales"}]},{"@type":"WebSite","@id":"https:\/\/fundacioneduresiduos.com\/#website","url":"https:\/\/fundacioneduresiduos.com\/","name":"Edu-Residuos Foundation","description":"Environmental assessment SGIRS and SG-SST","publisher":{"@id":"https:\/\/fundacioneduresiduos.com\/#organization"},"potentialAction":[{"@type":"SearchAction","target":{"@type":"EntryPoint","urlTemplate":"https:\/\/fundacioneduresiduos.com\/?s={search_term_string}"},"query-input":{"@type":"PropertyValueSpecification","valueRequired":true,"valueName":"search_term_string"}}],"inLanguage":"en-US"},{"@type":"Organization","@id":"https:\/\/fundacioneduresiduos.com\/#organization","name":"Edu-Residuos Foundation","url":"https:\/\/fundacioneduresiduos.com\/","logo":{"@type":"ImageObject","inLanguage":"en-US","@id":"https:\/\/fundacioneduresiduos.com\/#\/schema\/logo\/image\/","url":"https:\/\/i2.wp.com\/fundacioneduresiduos.com\/wp-content\/uploads\/2020\/06\/logoooooooooogg.png?fit=445%2C251&ssl=1","contentUrl":"https:\/\/i2.wp.com\/fundacioneduresiduos.com\/wp-content\/uploads\/2020\/06\/logoooooooooogg.png?fit=445%2C251&ssl=1","width":445,"height":251,"caption":"Fundaci\u00f3n Edu-Residuos"},"image":{"@id":"https:\/\/fundacioneduresiduos.com\/#\/schema\/logo\/image\/"},"sameAs":["https:\/\/www.facebook.com\/eduresiduos\/?ref=bookmarks"]}]}},"jetpack_sharing_enabled":true,"_links":{"self":[{"href":"https:\/\/fundacioneduresiduos.com\/en\/wp-json\/wp\/v2\/pages\/402","targetHints":{"allow":["GET"]}}],"collection":[{"href":"https:\/\/fundacioneduresiduos.com\/en\/wp-json\/wp\/v2\/pages"}],"about":[{"href":"https:\/\/fundacioneduresiduos.com\/en\/wp-json\/wp\/v2\/types\/page"}],"author":[{"embeddable":true,"href":"https:\/\/fundacioneduresiduos.com\/en\/wp-json\/wp\/v2\/users\/2"}],"replies":[{"embeddable":true,"href":"https:\/\/fundacioneduresiduos.com\/en\/wp-json\/wp\/v2\/comments?post=402"}],"version-history":[{"count":18,"href":"https:\/\/fundacioneduresiduos.com\/en\/wp-json\/wp\/v2\/pages\/402\/revisions"}],"predecessor-version":[{"id":1075,"href":"https:\/\/fundacioneduresiduos.com\/en\/wp-json\/wp\/v2\/pages\/402\/revisions\/1075"}],"wp:featuredmedia":[{"embeddable":true,"href":"https:\/\/fundacioneduresiduos.com\/en\/wp-json\/wp\/v2\/media\/1065"}],"wp:attachment":[{"href":"https:\/\/fundacioneduresiduos.com\/en\/wp-json\/wp\/v2\/media?parent=402"}],"curies":[{"name":"wp","href":"https:\/\/api.w.org\/{rel}","templated":true}]}}