{"id":555,"date":"2020-07-09T21:07:17","date_gmt":"2020-07-09T21:07:17","guid":{"rendered":"http:\/\/fundacioneduresiduos.com\/privacy-policy\/"},"modified":"2020-07-09T21:09:09","modified_gmt":"2020-07-09T21:09:09","slug":"politica-de-privacidad-2","status":"publish","type":"page","link":"https:\/\/fundacioneduresiduos.com\/en\/politica-de-privacidad-2\/","title":{"rendered":"Pol\u00edtica de privacidad"},"content":{"rendered":"<body><p><b><span style='font-family:\"Arial\",sans-serif;color:black'>POL\u00cdTICA DEPRIVACIDAD<\/span><\/b><span style='font-family:\"Arial\",sans-serif;color:black'><p><\/p><\/span><\/p><p><span style='font-family:\"Arial\",sans-serif;color:black'>\u00a0<p><\/p><\/span><\/p><p><span style='font-family:\"Arial\",sans-serif;color:black'>El presentePol\u00edtica de Privacidad establece los t\u00e9rminos en que Fundaci\u00f3n Edu-Residuos usay protege la informaci\u00f3n que es proporcionada por sus usuarios al momento deutilizar su sitio web. Esta compa\u00f1\u00eda est\u00e1 comprometida con la seguridad de losdatos de sus usuarios. Cuando le pedimos llenar los campos de informaci\u00f3npersonal con la cual usted pueda ser identificado, lo hacemos asegurando ques\u00f3lo se emplear\u00e1 de acuerdo con los t\u00e9rminos de este documento. Sin embargoesta Pol\u00edtica de Privacidad puede cambiar con el tiempo o ser actualizada porlo que le recomendamos y enfatizamos revisar continuamente esta p\u00e1gina paraasegurarse que est\u00e1 de acuerdo con dichos cambios.<p><\/p><\/span><\/p><p><b><span style='font-family:\"Arial\",sans-serif;color:black'>Informaci\u00f3nque es recogida<\/span><\/b><span style='font-family:\"Arial\",sans-serif;color:black'><p><\/p><\/span><\/p><p><span style='font-family:\"Arial\",sans-serif;color:black'>Nuestro sitio webpodr\u00e1 recoger informaci\u00f3n personal por ejemplo: Nombre,\u00a0 informaci\u00f3n decontacto como\u00a0 su direcci\u00f3n de correo electr\u00f3nica e informaci\u00f3ndemogr\u00e1fica. As\u00ed mismo cuando sea necesario podr\u00e1 ser requerida informaci\u00f3nespec\u00edfica para procesar alg\u00fan pedido o realizar una entrega o facturaci\u00f3n.<p><\/p><\/span><\/p><p><b><span style='font-family:\"Arial\",sans-serif;color:black'>Uso de la informaci\u00f3nrecogida<\/span><\/b><span style='font-family:\"Arial\",sans-serif;color:black'><p><\/p><\/span><\/p><p><span style='font-family:\"Arial\",sans-serif;color:black'>Nuestro sitio webemplea la informaci\u00f3n con el fin de proporcionar el mejor servicio posible,particularmente para mantener un registro de usuarios, de pedidos en caso queaplique, y mejorar nuestros productos y servicios. \u00a0Es posible que seanenviados correos electr\u00f3nicos peri\u00f3dicamente a trav\u00e9s de nuestro sitio conofertas especiales, nuevos productos y otra informaci\u00f3n publicitaria queconsideremos relevante para usted o que pueda brindarle alg\u00fan beneficio, estoscorreos electr\u00f3nicos ser\u00e1n enviados a la direcci\u00f3n que usted proporcione ypodr\u00e1n ser cancelados en cualquier momento.<p><\/p><\/span><\/p><p><span style='font-family:\"Arial\",sans-serif;color:black'>Fundaci\u00f3nEdu-Residuos est\u00e1 altamente comprometido para cumplir con el compromiso demantener su informaci\u00f3n segura. Usamos los sistemas m\u00e1s avanzados y los actualizamosconstantemente para asegurarnos que no exista ning\u00fan acceso no autorizado.<p><\/p><\/span><\/p><p><b><span style='font-family:\"Arial\",sans-serif;color:black'>Cookies<\/span><\/b><span style='font-family:\"Arial\",sans-serif;color:black'><p><\/p><\/span><\/p><p><span style='font-family:\"Arial\",sans-serif;color:black'>Una cookie serefiere a un fichero que es enviado con la finalidad de solicitar permiso paraalmacenarse en su ordenador, al aceptar dicho fichero se crea y la cookie sirveentonces para tener informaci\u00f3n respecto al tr\u00e1fico web, y tambi\u00e9n facilita lasfuturas visitas a una web recurrente. Otra funci\u00f3n que tienen las cookies esque con ellas las web pueden reconocerte individualmente y por tanto brindarteel mejor servicio personalizado de su web.<p><\/p><\/span><\/p><p><span style='font-family:\"Arial\",sans-serif;color:black'>Nuestro sitio webemplea las cookies para poder identificar las p\u00e1ginas que son visitadas y sufrecuencia. Esta informaci\u00f3n es empleada \u00fanicamente para an\u00e1lisis estad\u00edstico ydespu\u00e9s la informaci\u00f3n se elimina de forma permanente. Usted puede eliminar lascookies en cualquier momento desde su ordenador. Sin embargo las cookies ayudana proporcionar un mejor servicio de los sitios web, est\u00e1s no dan acceso ainformaci\u00f3n de su ordenador ni de usted, a menos de que usted as\u00ed lo quiera yla proporcione directamente, . Usted puede aceptar o negar el uso de cookies,sin embargo la mayor\u00eda de navegadores aceptan cookies autom\u00e1ticamente puessirve para tener un mejor servicio web. Tambi\u00e9n usted puede cambiar laconfiguraci\u00f3n de su ordenador para declinar las cookies. Si se declinan esposible que no pueda utilizar algunos de nuestros servicios.<p><\/p><\/span><\/p><p><b><span style='font-family:\"Arial\",sans-serif;color:black'>Enlaces aTerceros<\/span><\/b><span style='font-family:\"Arial\",sans-serif;color:black'><p><\/p><\/span><\/p><p><span style='font-family:\"Arial\",sans-serif;color:black'>Este sitio webpudiera contener en laces a otros sitios que pudieran ser de su inter\u00e9s. Unavez que usted de clic en estos enlaces y abandone nuestra p\u00e1gina, ya no tenemoscontrol sobre al sitio al que es redirigido y por lo tanto no somosresponsables de los t\u00e9rminos o privacidad ni de la protecci\u00f3n de sus datos enesos otros sitios terceros. Dichos sitios est\u00e1n sujetos a sus propias pol\u00edticasde privacidad por lo cual es recomendable que los consulte para confirmar queusted est\u00e1 de acuerdo con estas.<p><\/p><\/span><\/p><p><b><span style='font-family:\"Arial\",sans-serif;color:black'>Control desu informaci\u00f3n personal<\/span><\/b><span style='font-family:\"Arial\",sans-serif;color:black'><p><\/p><\/span><\/p><p><span style='font-family:\"Arial\",sans-serif;color:black'>En cualquiermomento usted puede restringir la recopilaci\u00f3n o el uso de la informaci\u00f3npersonal que es proporcionada a nuestro sitio web.\u00a0 Cada vez que se lesolicite rellenar un formulario, como el de alta de usuario, puede marcar odesmarcar la opci\u00f3n de recibir informaci\u00f3n por correo electr\u00f3nico. \u00a0En casode que haya marcado la opci\u00f3n de recibir nuestro bolet\u00edn o publicidad ustedpuede cancelarla en cualquier momento.<p><\/p><\/span><\/p><p><span style='font-family:\"Arial\",sans-serif;color:black'>Esta compa\u00f1\u00eda novender\u00e1, ceder\u00e1 ni distribuir\u00e1 la informaci\u00f3n personal que es recopilada sin suconsentimiento, salvo que sea requerido por un juez con un orden judicial.<p><\/p><\/span><\/p><p><span style='font-family:\"Arial\",sans-serif;color:black'>Fundaci\u00f3nEdu-Residuos Se reserva el derecho de cambiar los t\u00e9rminos de la presentePol\u00edtica de Privacidad en cualquier momento.<p><\/p><\/span><\/p><p><\/p><p><span style='font-family:\"Arial\",sans-serif;color:black'>Esta politica deprivacidad se han generado en <a href=\"file:\/\/\/D:\/%22https:\/politicadeprivacidadplantilla.com\/\" target=\"\\\">politicadeprivacidadplantilla.com<\/a>.<p><\/p><\/span><\/p><\/body>","protected":false},"excerpt":{"rendered":"<p>POL\u00cdTICA DEPRIVACIDAD\u00a0El presentePol\u00edtica de Privacidad establece los t\u00e9rminos en que Fundaci\u00f3n Edu-Residuos usay protege la informaci\u00f3n que es proporcionada por sus usuarios al momento deutilizar su sitio web. Esta compa\u00f1\u00eda est\u00e1 comprometida con la seguridad de losdatos de sus usuarios. Cuando le pedimos llenar los campos de informaci\u00f3npersonal con la cual usted pueda ser identificado, [&hellip;]<\/p>\n","protected":false},"author":2,"featured_media":0,"parent":0,"menu_order":0,"comment_status":"closed","ping_status":"closed","template":"","meta":{"_bbp_topic_count":0,"_bbp_reply_count":0,"_bbp_total_topic_count":0,"_bbp_total_reply_count":0,"_bbp_voice_count":0,"_bbp_anonymous_reply_count":0,"_bbp_topic_count_hidden":0,"_bbp_reply_count_hidden":0,"_bbp_forum_subforum_count":0,"om_disable_all_campaigns":false,"_monsterinsights_skip_tracking":false,"_monsterinsights_sitenote_active":false,"_monsterinsights_sitenote_note":"","_monsterinsights_sitenote_category":0,"_joinchat":[],"footnotes":""},"class_list":["post-555","page","type-page","status-publish","hentry"],"yoast_head":"<!-- This site is optimized with the Yoast SEO plugin v27.5 - https:\/\/yoast.com\/product\/yoast-seo-wordpress\/ -->\n<title>Pol\u00edtica de privacidad - Fundaci\u00f3n Edu-Residuos<\/title>\n<meta name=\"robots\" content=\"index, follow, max-snippet:-1, max-image-preview:large, max-video-preview:-1\" \/>\n<link rel=\"canonical\" href=\"https:\/\/fundacioneduresiduos.com\/en\/politica-de-privacidad-2\/\" \/>\n<meta property=\"og:locale\" content=\"en_US\" \/>\n<meta property=\"og:type\" content=\"article\" \/>\n<meta property=\"og:title\" content=\"Pol\u00edtica de privacidad - Fundaci\u00f3n Edu-Residuos\" \/>\n<meta property=\"og:description\" content=\"POL\u00cdTICA DEPRIVACIDAD\u00a0El presentePol\u00edtica de Privacidad establece los t\u00e9rminos en que Fundaci\u00f3n Edu-Residuos usay protege la informaci\u00f3n que es proporcionada por sus usuarios al momento deutilizar su sitio web. Esta compa\u00f1\u00eda est\u00e1 comprometida con la seguridad de losdatos de sus usuarios. Cuando le pedimos llenar los campos de informaci\u00f3npersonal con la cual usted pueda ser identificado, [&hellip;]\" \/>\n<meta property=\"og:url\" content=\"https:\/\/fundacioneduresiduos.com\/en\/politica-de-privacidad-2\/\" \/>\n<meta property=\"og:site_name\" content=\"Fundaci\u00f3n Edu-Residuos\" \/>\n<meta property=\"article:publisher\" content=\"https:\/\/www.facebook.com\/eduresiduos\/?ref=bookmarks\" \/>\n<meta property=\"article:modified_time\" content=\"2020-07-09T21:09:09+00:00\" \/>\n<meta name=\"twitter:card\" content=\"summary_large_image\" \/>\n<script type=\"application\/ld+json\" class=\"yoast-schema-graph\">{\"@context\":\"https:\\\/\\\/schema.org\",\"@graph\":[{\"@type\":\"WebPage\",\"@id\":\"https:\\\/\\\/fundacioneduresiduos.com\\\/politica-de-privacidad-2\\\/\",\"url\":\"https:\\\/\\\/fundacioneduresiduos.com\\\/politica-de-privacidad-2\\\/\",\"name\":\"Pol\u00edtica de privacidad - Fundaci\u00f3n Edu-Residuos\",\"isPartOf\":{\"@id\":\"https:\\\/\\\/fundacioneduresiduos.com\\\/#website\"},\"datePublished\":\"2020-07-09T21:07:17+00:00\",\"dateModified\":\"2020-07-09T21:09:09+00:00\",\"breadcrumb\":{\"@id\":\"https:\\\/\\\/fundacioneduresiduos.com\\\/politica-de-privacidad-2\\\/#breadcrumb\"},\"inLanguage\":\"en-US\",\"potentialAction\":[{\"@type\":\"ReadAction\",\"target\":[\"https:\\\/\\\/fundacioneduresiduos.com\\\/politica-de-privacidad-2\\\/\"]}]},{\"@type\":\"BreadcrumbList\",\"@id\":\"https:\\\/\\\/fundacioneduresiduos.com\\\/politica-de-privacidad-2\\\/#breadcrumb\",\"itemListElement\":[{\"@type\":\"ListItem\",\"position\":1,\"name\":\"Inicio\",\"item\":\"https:\\\/\\\/fundacioneduresiduos.com\\\/\"},{\"@type\":\"ListItem\",\"position\":2,\"name\":\"Pol\u00edtica de privacidad\"}]},{\"@type\":\"WebSite\",\"@id\":\"https:\\\/\\\/fundacioneduresiduos.com\\\/#website\",\"url\":\"https:\\\/\\\/fundacioneduresiduos.com\\\/\",\"name\":\"Fundaci\u00f3n Edu-Residuos\",\"description\":\"Asesor\u00eda ambientales SGIRS y SG-SST\",\"publisher\":{\"@id\":\"https:\\\/\\\/fundacioneduresiduos.com\\\/#organization\"},\"potentialAction\":[{\"@type\":\"SearchAction\",\"target\":{\"@type\":\"EntryPoint\",\"urlTemplate\":\"https:\\\/\\\/fundacioneduresiduos.com\\\/?s={search_term_string}\"},\"query-input\":{\"@type\":\"PropertyValueSpecification\",\"valueRequired\":true,\"valueName\":\"search_term_string\"}}],\"inLanguage\":\"en-US\"},{\"@type\":\"Organization\",\"@id\":\"https:\\\/\\\/fundacioneduresiduos.com\\\/#organization\",\"name\":\"Fundaci\u00f3n Edu-Residuos\",\"url\":\"https:\\\/\\\/fundacioneduresiduos.com\\\/\",\"logo\":{\"@type\":\"ImageObject\",\"inLanguage\":\"en-US\",\"@id\":\"https:\\\/\\\/fundacioneduresiduos.com\\\/#\\\/schema\\\/logo\\\/image\\\/\",\"url\":\"https:\\\/\\\/i2.wp.com\\\/fundacioneduresiduos.com\\\/wp-content\\\/uploads\\\/2020\\\/06\\\/logoooooooooogg.png?fit=445%2C251&ssl=1\",\"contentUrl\":\"https:\\\/\\\/i2.wp.com\\\/fundacioneduresiduos.com\\\/wp-content\\\/uploads\\\/2020\\\/06\\\/logoooooooooogg.png?fit=445%2C251&ssl=1\",\"width\":445,\"height\":251,\"caption\":\"Fundaci\u00f3n Edu-Residuos\"},\"image\":{\"@id\":\"https:\\\/\\\/fundacioneduresiduos.com\\\/#\\\/schema\\\/logo\\\/image\\\/\"},\"sameAs\":[\"https:\\\/\\\/www.facebook.com\\\/eduresiduos\\\/?ref=bookmarks\"]}]}<\/script>\n<!-- \/ Yoast SEO plugin. -->","yoast_head_json":{"title":"Pol\u00edtica de privacidad - Fundaci\u00f3n Edu-Residuos","robots":{"index":"index","follow":"follow","max-snippet":"max-snippet:-1","max-image-preview":"max-image-preview:large","max-video-preview":"max-video-preview:-1"},"canonical":"https:\/\/fundacioneduresiduos.com\/en\/politica-de-privacidad-2\/","og_locale":"en_US","og_type":"article","og_title":"Pol\u00edtica de privacidad - Fundaci\u00f3n Edu-Residuos","og_description":"POL\u00cdTICA DEPRIVACIDAD\u00a0El presentePol\u00edtica de Privacidad establece los t\u00e9rminos en que Fundaci\u00f3n Edu-Residuos usay protege la informaci\u00f3n que es proporcionada por sus usuarios al momento deutilizar su sitio web. Esta compa\u00f1\u00eda est\u00e1 comprometida con la seguridad de losdatos de sus usuarios. Cuando le pedimos llenar los campos de informaci\u00f3npersonal con la cual usted pueda ser identificado, [&hellip;]","og_url":"https:\/\/fundacioneduresiduos.com\/en\/politica-de-privacidad-2\/","og_site_name":"Fundaci\u00f3n Edu-Residuos","article_publisher":"https:\/\/www.facebook.com\/eduresiduos\/?ref=bookmarks","article_modified_time":"2020-07-09T21:09:09+00:00","twitter_card":"summary_large_image","schema":{"@context":"https:\/\/schema.org","@graph":[{"@type":"WebPage","@id":"https:\/\/fundacioneduresiduos.com\/politica-de-privacidad-2\/","url":"https:\/\/fundacioneduresiduos.com\/politica-de-privacidad-2\/","name":"Pol\u00edtica de privacidad - Fundaci\u00f3n Edu-Residuos","isPartOf":{"@id":"https:\/\/fundacioneduresiduos.com\/#website"},"datePublished":"2020-07-09T21:07:17+00:00","dateModified":"2020-07-09T21:09:09+00:00","breadcrumb":{"@id":"https:\/\/fundacioneduresiduos.com\/politica-de-privacidad-2\/#breadcrumb"},"inLanguage":"en-US","potentialAction":[{"@type":"ReadAction","target":["https:\/\/fundacioneduresiduos.com\/politica-de-privacidad-2\/"]}]},{"@type":"BreadcrumbList","@id":"https:\/\/fundacioneduresiduos.com\/politica-de-privacidad-2\/#breadcrumb","itemListElement":[{"@type":"ListItem","position":1,"name":"Inicio","item":"https:\/\/fundacioneduresiduos.com\/"},{"@type":"ListItem","position":2,"name":"Pol\u00edtica de privacidad"}]},{"@type":"WebSite","@id":"https:\/\/fundacioneduresiduos.com\/#website","url":"https:\/\/fundacioneduresiduos.com\/","name":"Edu-Residuos Foundation","description":"Environmental assessment SGIRS and SG-SST","publisher":{"@id":"https:\/\/fundacioneduresiduos.com\/#organization"},"potentialAction":[{"@type":"SearchAction","target":{"@type":"EntryPoint","urlTemplate":"https:\/\/fundacioneduresiduos.com\/?s={search_term_string}"},"query-input":{"@type":"PropertyValueSpecification","valueRequired":true,"valueName":"search_term_string"}}],"inLanguage":"en-US"},{"@type":"Organization","@id":"https:\/\/fundacioneduresiduos.com\/#organization","name":"Edu-Residuos Foundation","url":"https:\/\/fundacioneduresiduos.com\/","logo":{"@type":"ImageObject","inLanguage":"en-US","@id":"https:\/\/fundacioneduresiduos.com\/#\/schema\/logo\/image\/","url":"https:\/\/i2.wp.com\/fundacioneduresiduos.com\/wp-content\/uploads\/2020\/06\/logoooooooooogg.png?fit=445%2C251&ssl=1","contentUrl":"https:\/\/i2.wp.com\/fundacioneduresiduos.com\/wp-content\/uploads\/2020\/06\/logoooooooooogg.png?fit=445%2C251&ssl=1","width":445,"height":251,"caption":"Fundaci\u00f3n Edu-Residuos"},"image":{"@id":"https:\/\/fundacioneduresiduos.com\/#\/schema\/logo\/image\/"},"sameAs":["https:\/\/www.facebook.com\/eduresiduos\/?ref=bookmarks"]}]}},"jetpack_sharing_enabled":true,"_links":{"self":[{"href":"https:\/\/fundacioneduresiduos.com\/en\/wp-json\/wp\/v2\/pages\/555","targetHints":{"allow":["GET"]}}],"collection":[{"href":"https:\/\/fundacioneduresiduos.com\/en\/wp-json\/wp\/v2\/pages"}],"about":[{"href":"https:\/\/fundacioneduresiduos.com\/en\/wp-json\/wp\/v2\/types\/page"}],"author":[{"embeddable":true,"href":"https:\/\/fundacioneduresiduos.com\/en\/wp-json\/wp\/v2\/users\/2"}],"replies":[{"embeddable":true,"href":"https:\/\/fundacioneduresiduos.com\/en\/wp-json\/wp\/v2\/comments?post=555"}],"version-history":[{"count":2,"href":"https:\/\/fundacioneduresiduos.com\/en\/wp-json\/wp\/v2\/pages\/555\/revisions"}],"predecessor-version":[{"id":1571,"href":"https:\/\/fundacioneduresiduos.com\/en\/wp-json\/wp\/v2\/pages\/555\/revisions\/1571"}],"wp:attachment":[{"href":"https:\/\/fundacioneduresiduos.com\/en\/wp-json\/wp\/v2\/media?parent=555"}],"curies":[{"name":"wp","href":"https:\/\/api.w.org\/{rel}","templated":true}]}}