{"id":2226,"date":"2023-03-12T02:10:18","date_gmt":"2023-03-12T07:10:18","guid":{"rendered":"https:\/\/fundacioneduresiduos.com\/?post_type=product&#038;p=2226"},"modified":"2023-08-29T02:27:25","modified_gmt":"2023-08-29T07:27:25","slug":"bolsa-ecologica-textiles-100-reciclados","status":"publish","type":"product","link":"https:\/\/fundacioneduresiduos.com\/en\/product\/bolsa-ecologica-textiles-100-reciclados\/","title":{"rendered":"Bolsa ecol\u00f3gica Fer Tierra"},"content":{"rendered":"<body><h2 style=\"text-align: center;\">Bolsa ecol\u00f3gica Fer Tierra<\/h2>\n<p><span style=\"font-weight: 400;\">La b<\/span>olsa ecol\u00f3gica Fer Tierra es <span style=\"font-weight: 400;\">hecha con tela fabricada de material\u00a0 reciclado;\u00a0 Est\u00e1 compuesto por un 30% de fibra reciclada de PET Posconsumo y 70% de algod\u00f3n reciclado, elaborado por madres cabeza de familia.\u00a0<\/span><\/p>\n<p style=\"text-align: center;\"><span style=\"font-weight: 400;\">UN KG DE ALGODO\u0301N REQUIERE 11,000 LITROS DE AGUA PARA PRODUCIRSE.<\/span><\/p>\n<p style=\"text-align: center;\"><span style=\"font-weight: 400;\">ESTE PRODUCTO ES\u00a0 HECHO DE TEXTILES 100% RECICLADOS. SIN ALGODO\u0301N VIRGEN. SIN GASTAR AGUA.SE RECOLECTAN Y RECICLAN\u00a0 LOS RESIDUOS EN COLOMBIA; DISEN\u0303AMOS Y CONFECCIONAMOS EN CALI COLOMBIA.<\/span><\/p>\n<p style=\"text-align: left;\"><b>RESUMEN AMBIENTA<\/b><\/p>\n<p><span style=\"font-weight: 400;\">Para fabricar la bolsa ecol\u00f3gica Fer Tierra se reciclaron 1.2 botellas PET de 2 litros y 84.9 gr de algod\u00f3n reciclado; se ahorraron 1,100 litros de agua.<\/span><\/p>\n<p><b>OBSERVACIONES<\/b><\/p>\n<ul>\n<li><span style=\"font-weight: 400;\">La tela no tiene te\u00f1ido, el color lo determina el color del retal.<\/span><\/li>\n<li aria-level=\"1\"><span style=\"font-weight: 400;\">\u00a0<\/span><span style=\"font-weight: 400;\">Por ser un material reciclado puede presentar fibras cortas que generan motas al roce.<\/span><\/li>\n<li aria-level=\"1\"><span style=\"font-weight: 400;\">Por ser un material reciclado compuesto en su 70% por algod\u00f3n de retal de confecci\u00f3n, la tela puede presentar marras que son propias de su apariencia r\u00fastico-urbana.<\/span><\/li>\n<\/ul>\n<p><strong>INSTRUCCIONES DE LAVADO<\/strong><\/p>\n<ul>\n<li>Lavar a m\u00e1quina<\/li>\n<li>No usar blanqueador<\/li>\n<li>Secar a temperatura baja<\/li>\n<\/ul>\n<p><b>Este <a href=\"https:\/\/fundacioneduresiduos.com\/en\/product\/bolsa-ecologica-fer-naturaleza-textiles-100-reciclado\/\">producto<\/a> se vende por unidad o al por mayor, tambi\u00e9n se vende para dotaciones y eventos corporativos.\u00a0 Somos fabricantes.<\/b><\/p>\n<\/body>","protected":false},"excerpt":{"rendered":"<p>Sin costo de env\u00edo<\/p>\n<h2 style=\"text-align: center;\">Bolsa ecol\u00f3gica Fer Tierra<\/h2>\n<p><span style=\"font-weight: 400;\">Este producto es hecho con tela fabricada de material\u00a0 reciclado en Colombia;\u00a0 Est\u00e1 compuesto por un 30% de fibra reciclada de PET Posconsumo y 70% de algod\u00f3n reciclado.<\/span><\/p>\n<p><strong><span style=\"vertical-align: inherit;\"><span style=\"vertical-align: inherit;\"><span style=\"vertical-align: inherit;\"><span style=\"vertical-align: inherit;\"><span style=\"vertical-align: inherit;\"><span style=\"vertical-align: inherit;\"><span style=\"vertical-align: inherit;\"><span style=\"vertical-align: inherit;\"><span style=\"vertical-align: inherit;\"><span style=\"vertical-align: inherit;\"><span style=\"vertical-align: inherit;\"><span style=\"vertical-align: inherit;\">Color<\/span><\/span><\/span><\/span><\/span><\/span><\/span><\/span><\/span><\/span><\/span><\/span><\/strong><\/p>\n<p>Crudo (No tiene te\u00f1ido)<\/p>\n<p><strong>Medidas<\/strong><\/p>\n<p>47 cm de largo<\/p>\n<p>45 cm de ancho<\/p>","protected":false},"featured_media":2878,"comment_status":"open","ping_status":"closed","template":"","meta":{"_bbp_topic_count":0,"_bbp_reply_count":0,"_bbp_total_topic_count":0,"_bbp_total_reply_count":0,"_bbp_voice_count":0,"_bbp_anonymous_reply_count":0,"_bbp_topic_count_hidden":0,"_bbp_reply_count_hidden":0,"_bbp_forum_subforum_count":0,"om_disable_all_campaigns":false,"_monsterinsights_skip_tracking":false,"_monsterinsights_sitenote_active":false,"_monsterinsights_sitenote_note":"","_monsterinsights_sitenote_category":0,"_joinchat":{"telephone":"+573103792072"}},"product_brand":[],"product_cat":[51],"product_tag":[53,54,55],"class_list":{"0":"post-2226","1":"product","2":"type-product","3":"status-publish","4":"has-post-thumbnail","6":"product_cat-bolsa-ecologica","7":"product_tag-bolsa-ecologica","8":"product_tag-hecha-con-material-reciclado","9":"product_tag-textiles-100-reciclados","10":"post","12":"first","13":"instock","14":"shipping-taxable","15":"purchasable","16":"product-type-simple"},"yoast_head":"<!-- This site is optimized with the Yoast SEO plugin v27.5 - https:\/\/yoast.com\/product\/yoast-seo-wordpress\/ -->\n<title>Bolsa ecol\u00f3gica Fer Tierra<\/title>\n<meta name=\"description\" content=\"Bolsa ecol\u00f3gica, hecha con textiles 100% reciclados; 30% de fibra reciclada de PET Posconsumo y 70% de algod\u00f3n reciclado.\" \/>\n<meta name=\"robots\" content=\"index, follow, max-snippet:-1, max-image-preview:large, max-video-preview:-1\" \/>\n<link rel=\"canonical\" href=\"https:\/\/fundacioneduresiduos.com\/en\/product\/bolsa-ecologica-textiles-100-reciclados\/\" \/>\n<meta property=\"og:locale\" content=\"en_US\" \/>\n<meta property=\"og:type\" content=\"article\" \/>\n<meta property=\"og:title\" content=\"Bolsa ecol\u00f3gica Fer Tierra\" \/>\n<meta property=\"og:description\" content=\"Bolsa ecol\u00f3gica, hecha con textiles 100% reciclados; 30% de fibra reciclada de PET Posconsumo y 70% de algod\u00f3n reciclado.\" \/>\n<meta property=\"og:url\" content=\"https:\/\/fundacioneduresiduos.com\/en\/product\/bolsa-ecologica-textiles-100-reciclados\/\" \/>\n<meta property=\"og:site_name\" content=\"Fundaci\u00f3n Edu-Residuos\" \/>\n<meta property=\"article:publisher\" content=\"https:\/\/www.facebook.com\/eduresiduos\/?ref=bookmarks\" \/>\n<meta property=\"article:modified_time\" content=\"2023-08-29T07:27:25+00:00\" \/>\n<meta property=\"og:image\" content=\"https:\/\/fundacioneduresiduos.com\/wp-content\/uploads\/2023\/03\/bolsa-2-1-scaled.jpeg\" \/>\n\t<meta property=\"og:image:width\" content=\"1920\" \/>\n\t<meta property=\"og:image:height\" content=\"2560\" \/>\n\t<meta property=\"og:image:type\" content=\"image\/jpeg\" \/>\n<meta name=\"twitter:card\" content=\"summary_large_image\" \/>\n<meta name=\"twitter:label1\" content=\"Est. reading time\" \/>\n\t<meta name=\"twitter:data1\" content=\"1 minute\" \/>\n<script type=\"application\/ld+json\" class=\"yoast-schema-graph\">{\"@context\":\"https:\\\/\\\/schema.org\",\"@graph\":[{\"@type\":\"WebPage\",\"@id\":\"https:\\\/\\\/fundacioneduresiduos.com\\\/producto\\\/bolsa-ecologica-textiles-100-reciclados\\\/\",\"url\":\"https:\\\/\\\/fundacioneduresiduos.com\\\/producto\\\/bolsa-ecologica-textiles-100-reciclados\\\/\",\"name\":\"Bolsa ecol\u00f3gica Fer Tierra\",\"isPartOf\":{\"@id\":\"https:\\\/\\\/fundacioneduresiduos.com\\\/#website\"},\"primaryImageOfPage\":{\"@id\":\"https:\\\/\\\/fundacioneduresiduos.com\\\/producto\\\/bolsa-ecologica-textiles-100-reciclados\\\/#primaryimage\"},\"image\":{\"@id\":\"https:\\\/\\\/fundacioneduresiduos.com\\\/producto\\\/bolsa-ecologica-textiles-100-reciclados\\\/#primaryimage\"},\"thumbnailUrl\":\"https:\\\/\\\/i0.wp.com\\\/fundacioneduresiduos.com\\\/wp-content\\\/uploads\\\/2023\\\/03\\\/bolsa-2-1-scaled.jpeg?fit=1920%2C2560&ssl=1\",\"datePublished\":\"2023-03-12T07:10:18+00:00\",\"dateModified\":\"2023-08-29T07:27:25+00:00\",\"description\":\"Bolsa ecol\u00f3gica, hecha con textiles 100% reciclados; 30% de fibra reciclada de PET Posconsumo y 70% de algod\u00f3n reciclado.\",\"breadcrumb\":{\"@id\":\"https:\\\/\\\/fundacioneduresiduos.com\\\/producto\\\/bolsa-ecologica-textiles-100-reciclados\\\/#breadcrumb\"},\"inLanguage\":\"en-US\",\"potentialAction\":[{\"@type\":\"ReadAction\",\"target\":[\"https:\\\/\\\/fundacioneduresiduos.com\\\/producto\\\/bolsa-ecologica-textiles-100-reciclados\\\/\"]}]},{\"@type\":\"ImageObject\",\"inLanguage\":\"en-US\",\"@id\":\"https:\\\/\\\/fundacioneduresiduos.com\\\/producto\\\/bolsa-ecologica-textiles-100-reciclados\\\/#primaryimage\",\"url\":\"https:\\\/\\\/i0.wp.com\\\/fundacioneduresiduos.com\\\/wp-content\\\/uploads\\\/2023\\\/03\\\/bolsa-2-1-scaled.jpeg?fit=1920%2C2560&ssl=1\",\"contentUrl\":\"https:\\\/\\\/i0.wp.com\\\/fundacioneduresiduos.com\\\/wp-content\\\/uploads\\\/2023\\\/03\\\/bolsa-2-1-scaled.jpeg?fit=1920%2C2560&ssl=1\",\"width\":1920,\"height\":2560},{\"@type\":\"BreadcrumbList\",\"@id\":\"https:\\\/\\\/fundacioneduresiduos.com\\\/producto\\\/bolsa-ecologica-textiles-100-reciclados\\\/#breadcrumb\",\"itemListElement\":[{\"@type\":\"ListItem\",\"position\":1,\"name\":\"Inicio\",\"item\":\"https:\\\/\\\/fundacioneduresiduos.com\\\/\"},{\"@type\":\"ListItem\",\"position\":2,\"name\":\"Tienda\",\"item\":\"https:\\\/\\\/fundacioneduresiduos.com\\\/tienda\\\/\"},{\"@type\":\"ListItem\",\"position\":3,\"name\":\"Bolsa ecol\u00f3gica Fer Tierra\"}]},{\"@type\":\"WebSite\",\"@id\":\"https:\\\/\\\/fundacioneduresiduos.com\\\/#website\",\"url\":\"https:\\\/\\\/fundacioneduresiduos.com\\\/\",\"name\":\"Fundaci\u00f3n Edu-Residuos\",\"description\":\"Asesor\u00eda ambientales SGIRS y SG-SST\",\"publisher\":{\"@id\":\"https:\\\/\\\/fundacioneduresiduos.com\\\/#organization\"},\"potentialAction\":[{\"@type\":\"SearchAction\",\"target\":{\"@type\":\"EntryPoint\",\"urlTemplate\":\"https:\\\/\\\/fundacioneduresiduos.com\\\/?s={search_term_string}\"},\"query-input\":{\"@type\":\"PropertyValueSpecification\",\"valueRequired\":true,\"valueName\":\"search_term_string\"}}],\"inLanguage\":\"en-US\"},{\"@type\":\"Organization\",\"@id\":\"https:\\\/\\\/fundacioneduresiduos.com\\\/#organization\",\"name\":\"Fundaci\u00f3n Edu-Residuos\",\"url\":\"https:\\\/\\\/fundacioneduresiduos.com\\\/\",\"logo\":{\"@type\":\"ImageObject\",\"inLanguage\":\"en-US\",\"@id\":\"https:\\\/\\\/fundacioneduresiduos.com\\\/#\\\/schema\\\/logo\\\/image\\\/\",\"url\":\"https:\\\/\\\/i2.wp.com\\\/fundacioneduresiduos.com\\\/wp-content\\\/uploads\\\/2020\\\/06\\\/logoooooooooogg.png?fit=445%2C251&ssl=1\",\"contentUrl\":\"https:\\\/\\\/i2.wp.com\\\/fundacioneduresiduos.com\\\/wp-content\\\/uploads\\\/2020\\\/06\\\/logoooooooooogg.png?fit=445%2C251&ssl=1\",\"width\":445,\"height\":251,\"caption\":\"Fundaci\u00f3n Edu-Residuos\"},\"image\":{\"@id\":\"https:\\\/\\\/fundacioneduresiduos.com\\\/#\\\/schema\\\/logo\\\/image\\\/\"},\"sameAs\":[\"https:\\\/\\\/www.facebook.com\\\/eduresiduos\\\/?ref=bookmarks\"]}]}<\/script>\n<!-- \/ Yoast SEO plugin. -->","yoast_head_json":{"title":"Bolsa ecol\u00f3gica Fer Tierra","description":"Bolsa ecol\u00f3gica, hecha con textiles 100% reciclados; 30% de fibra reciclada de PET Posconsumo y 70% de algod\u00f3n reciclado.","robots":{"index":"index","follow":"follow","max-snippet":"max-snippet:-1","max-image-preview":"max-image-preview:large","max-video-preview":"max-video-preview:-1"},"canonical":"https:\/\/fundacioneduresiduos.com\/en\/product\/bolsa-ecologica-textiles-100-reciclados\/","og_locale":"en_US","og_type":"article","og_title":"Bolsa ecol\u00f3gica Fer Tierra","og_description":"Bolsa ecol\u00f3gica, hecha con textiles 100% reciclados; 30% de fibra reciclada de PET Posconsumo y 70% de algod\u00f3n reciclado.","og_url":"https:\/\/fundacioneduresiduos.com\/en\/product\/bolsa-ecologica-textiles-100-reciclados\/","og_site_name":"Fundaci\u00f3n Edu-Residuos","article_publisher":"https:\/\/www.facebook.com\/eduresiduos\/?ref=bookmarks","article_modified_time":"2023-08-29T07:27:25+00:00","og_image":[{"width":1920,"height":2560,"url":"https:\/\/fundacioneduresiduos.com\/wp-content\/uploads\/2023\/03\/bolsa-2-1-scaled.jpeg","type":"image\/jpeg"}],"twitter_card":"summary_large_image","twitter_misc":{"Est. reading time":"1 minute"},"schema":{"@context":"https:\/\/schema.org","@graph":[{"@type":"WebPage","@id":"https:\/\/fundacioneduresiduos.com\/producto\/bolsa-ecologica-textiles-100-reciclados\/","url":"https:\/\/fundacioneduresiduos.com\/producto\/bolsa-ecologica-textiles-100-reciclados\/","name":"Bolsa ecol\u00f3gica Fer Tierra","isPartOf":{"@id":"https:\/\/fundacioneduresiduos.com\/#website"},"primaryImageOfPage":{"@id":"https:\/\/fundacioneduresiduos.com\/producto\/bolsa-ecologica-textiles-100-reciclados\/#primaryimage"},"image":{"@id":"https:\/\/fundacioneduresiduos.com\/producto\/bolsa-ecologica-textiles-100-reciclados\/#primaryimage"},"thumbnailUrl":"https:\/\/i0.wp.com\/fundacioneduresiduos.com\/wp-content\/uploads\/2023\/03\/bolsa-2-1-scaled.jpeg?fit=1920%2C2560&ssl=1","datePublished":"2023-03-12T07:10:18+00:00","dateModified":"2023-08-29T07:27:25+00:00","description":"Bolsa ecol\u00f3gica, hecha con textiles 100% reciclados; 30% de fibra reciclada de PET Posconsumo y 70% de algod\u00f3n reciclado.","breadcrumb":{"@id":"https:\/\/fundacioneduresiduos.com\/producto\/bolsa-ecologica-textiles-100-reciclados\/#breadcrumb"},"inLanguage":"en-US","potentialAction":[{"@type":"ReadAction","target":["https:\/\/fundacioneduresiduos.com\/producto\/bolsa-ecologica-textiles-100-reciclados\/"]}]},{"@type":"ImageObject","inLanguage":"en-US","@id":"https:\/\/fundacioneduresiduos.com\/producto\/bolsa-ecologica-textiles-100-reciclados\/#primaryimage","url":"https:\/\/i0.wp.com\/fundacioneduresiduos.com\/wp-content\/uploads\/2023\/03\/bolsa-2-1-scaled.jpeg?fit=1920%2C2560&ssl=1","contentUrl":"https:\/\/i0.wp.com\/fundacioneduresiduos.com\/wp-content\/uploads\/2023\/03\/bolsa-2-1-scaled.jpeg?fit=1920%2C2560&ssl=1","width":1920,"height":2560},{"@type":"BreadcrumbList","@id":"https:\/\/fundacioneduresiduos.com\/producto\/bolsa-ecologica-textiles-100-reciclados\/#breadcrumb","itemListElement":[{"@type":"ListItem","position":1,"name":"Inicio","item":"https:\/\/fundacioneduresiduos.com\/"},{"@type":"ListItem","position":2,"name":"Tienda","item":"https:\/\/fundacioneduresiduos.com\/tienda\/"},{"@type":"ListItem","position":3,"name":"Bolsa ecol\u00f3gica Fer Tierra"}]},{"@type":"WebSite","@id":"https:\/\/fundacioneduresiduos.com\/#website","url":"https:\/\/fundacioneduresiduos.com\/","name":"Edu-Residuos Foundation","description":"Environmental assessment SGIRS and SG-SST","publisher":{"@id":"https:\/\/fundacioneduresiduos.com\/#organization"},"potentialAction":[{"@type":"SearchAction","target":{"@type":"EntryPoint","urlTemplate":"https:\/\/fundacioneduresiduos.com\/?s={search_term_string}"},"query-input":{"@type":"PropertyValueSpecification","valueRequired":true,"valueName":"search_term_string"}}],"inLanguage":"en-US"},{"@type":"Organization","@id":"https:\/\/fundacioneduresiduos.com\/#organization","name":"Edu-Residuos Foundation","url":"https:\/\/fundacioneduresiduos.com\/","logo":{"@type":"ImageObject","inLanguage":"en-US","@id":"https:\/\/fundacioneduresiduos.com\/#\/schema\/logo\/image\/","url":"https:\/\/i2.wp.com\/fundacioneduresiduos.com\/wp-content\/uploads\/2020\/06\/logoooooooooogg.png?fit=445%2C251&ssl=1","contentUrl":"https:\/\/i2.wp.com\/fundacioneduresiduos.com\/wp-content\/uploads\/2020\/06\/logoooooooooogg.png?fit=445%2C251&ssl=1","width":445,"height":251,"caption":"Fundaci\u00f3n Edu-Residuos"},"image":{"@id":"https:\/\/fundacioneduresiduos.com\/#\/schema\/logo\/image\/"},"sameAs":["https:\/\/www.facebook.com\/eduresiduos\/?ref=bookmarks"]}]}},"jetpack_sharing_enabled":true,"_links":{"self":[{"href":"https:\/\/fundacioneduresiduos.com\/en\/wp-json\/wp\/v2\/product\/2226","targetHints":{"allow":["GET"]}}],"collection":[{"href":"https:\/\/fundacioneduresiduos.com\/en\/wp-json\/wp\/v2\/product"}],"about":[{"href":"https:\/\/fundacioneduresiduos.com\/en\/wp-json\/wp\/v2\/types\/product"}],"replies":[{"embeddable":true,"href":"https:\/\/fundacioneduresiduos.com\/en\/wp-json\/wp\/v2\/comments?post=2226"}],"wp:featuredmedia":[{"embeddable":true,"href":"https:\/\/fundacioneduresiduos.com\/en\/wp-json\/wp\/v2\/media\/2878"}],"wp:attachment":[{"href":"https:\/\/fundacioneduresiduos.com\/en\/wp-json\/wp\/v2\/media?parent=2226"}],"wp:term":[{"taxonomy":"product_brand","embeddable":true,"href":"https:\/\/fundacioneduresiduos.com\/en\/wp-json\/wp\/v2\/product_brand?post=2226"},{"taxonomy":"product_cat","embeddable":true,"href":"https:\/\/fundacioneduresiduos.com\/en\/wp-json\/wp\/v2\/product_cat?post=2226"},{"taxonomy":"product_tag","embeddable":true,"href":"https:\/\/fundacioneduresiduos.com\/en\/wp-json\/wp\/v2\/product_tag?post=2226"}],"curies":[{"name":"wp","href":"https:\/\/api.w.org\/{rel}","templated":true}]}}